{"id":18398,"date":"2016-11-18T16:30:10","date_gmt":"2016-11-18T15:30:10","guid":{"rendered":"https:\/\/cafesorus.es\/tienda\/?post_type=product&#038;p=18398"},"modified":"2025-02-03T13:10:48","modified_gmt":"2025-02-03T12:10:48","slug":"cafe-molido-natural","status":"publish","type":"product","link":"https:\/\/cafesorus.es\/tienda\/producto\/cafe-molido-natural\/","title":{"rendered":"Caf\u00e9 Molido Natural 250 gramos"},"content":{"rendered":"","protected":false},"excerpt":{"rendered":"<p>Fruto de una esmerada combinaci\u00f3n de caf\u00e9s seleccionados de entre las mejores plantaciones del mundo, este Caf\u00e9 Natural es id\u00f3neo para los que gustan de paladear un caf\u00e9 de sabor suave y delicado aroma.<\/p>\n<p><img decoding=\"async\" class=\"size-full wp-image-18463 alignleft\" src=\"https:\/\/cafesorus.es\/tienda\/wp-content\/uploads\/2016\/11\/alimentacion_molido_250-296x61.png\" alt=\"alimentacion_molido_250-296x61\" width=\"296\" height=\"61\" srcset=\"https:\/\/cafesorus.es\/tienda\/wp-content\/uploads\/2016\/11\/alimentacion_molido_250-296x61-200x41.png 200w, https:\/\/cafesorus.es\/tienda\/wp-content\/uploads\/2016\/11\/alimentacion_molido_250-296x61.png 296w\" sizes=\"(max-width: 296px) 100vw, 296px\" \/><\/p>\n<p>&nbsp;<\/p>\n<p>&nbsp;<\/p>\n","protected":false},"featured_media":19128,"comment_status":"open","ping_status":"closed","template":"","meta":[],"product_brand":[],"product_cat":[75,76],"product_tag":[104,157,137,108,107],"class_list":{"0":"post-18398","1":"product","2":"type-product","3":"status-publish","4":"has-post-thumbnail","6":"product_cat-cafe","7":"product_cat-molido","8":"product_tag-cafe","9":"product_tag-cafe-molido-natural","10":"product_tag-cafetera-de-embolo","11":"product_tag-cafetera-express","12":"product_tag-cafetera-italiana","13":"product_shipping_class-envio-estandar","15":"first","16":"instock","17":"purchasable","18":"product-type-simple"},"yoast_head":"<!-- This site is optimized with the Yoast SEO plugin v26.0 - https:\/\/yoast.com\/wordpress\/plugins\/seo\/ -->\n<title>Caf\u00e9 Molido Natural 250 gramos - Comprar caf\u00e9 online - Tienda online de Caf\u00e9s Or\u00fas -<\/title>\n<meta name=\"robots\" content=\"index, follow, max-snippet:-1, max-image-preview:large, max-video-preview:-1\" \/>\n<link rel=\"canonical\" href=\"https:\/\/cafesorus.es\/tienda\/producto\/cafe-molido-natural\/\" \/>\n<meta property=\"og:locale\" content=\"es_ES\" \/>\n<meta property=\"og:type\" content=\"article\" \/>\n<meta property=\"og:title\" content=\"Caf\u00e9 Molido Natural 250 gramos - Comprar caf\u00e9 online - Tienda online de Caf\u00e9s Or\u00fas -\" \/>\n<meta property=\"og:description\" content=\"Fruto de una esmerada combinaci\u00f3n de caf\u00e9s seleccionados de entre las mejores plantaciones del mundo, este Caf\u00e9 Natural es id\u00f3neo para los que gustan de paladear un caf\u00e9 de sabor suave y delicado aroma.    &nbsp;  &nbsp;\" \/>\n<meta property=\"og:url\" content=\"https:\/\/cafesorus.es\/tienda\/producto\/cafe-molido-natural\/\" \/>\n<meta property=\"og:site_name\" content=\"Comprar caf\u00e9 online - Tienda online de Caf\u00e9s Or\u00fas -\" \/>\n<meta property=\"article:publisher\" content=\"https:\/\/www.facebook.com\/cafesorusaragon\" \/>\n<meta property=\"article:modified_time\" content=\"2025-02-03T12:10:48+00:00\" \/>\n<meta property=\"og:image\" content=\"https:\/\/cafesorus.es\/tienda\/wp-content\/uploads\/2016\/11\/cafe-molido-natural.png\" \/>\n\t<meta property=\"og:image:width\" content=\"500\" \/>\n\t<meta property=\"og:image:height\" content=\"500\" \/>\n\t<meta property=\"og:image:type\" content=\"image\/png\" \/>\n<meta name=\"twitter:card\" content=\"summary_large_image\" \/>\n<meta name=\"twitter:site\" content=\"@CafesOrus\" \/>\n<script type=\"application\/ld+json\" class=\"yoast-schema-graph\">{\"@context\":\"https:\/\/schema.org\",\"@graph\":[{\"@type\":\"WebPage\",\"@id\":\"https:\/\/cafesorus.es\/tienda\/producto\/cafe-molido-natural\/\",\"url\":\"https:\/\/cafesorus.es\/tienda\/producto\/cafe-molido-natural\/\",\"name\":\"Caf\u00e9 Molido Natural 250 gramos - Comprar caf\u00e9 online - Tienda online de Caf\u00e9s Or\u00fas -\",\"isPartOf\":{\"@id\":\"https:\/\/cafesorus.es\/tienda\/#website\"},\"primaryImageOfPage\":{\"@id\":\"https:\/\/cafesorus.es\/tienda\/producto\/cafe-molido-natural\/#primaryimage\"},\"image\":{\"@id\":\"https:\/\/cafesorus.es\/tienda\/producto\/cafe-molido-natural\/#primaryimage\"},\"thumbnailUrl\":\"https:\/\/cafesorus.es\/tienda\/wp-content\/uploads\/2016\/11\/cafe-molido-natural.png\",\"datePublished\":\"2016-11-18T15:30:10+00:00\",\"dateModified\":\"2025-02-03T12:10:48+00:00\",\"breadcrumb\":{\"@id\":\"https:\/\/cafesorus.es\/tienda\/producto\/cafe-molido-natural\/#breadcrumb\"},\"inLanguage\":\"es\",\"potentialAction\":[{\"@type\":\"ReadAction\",\"target\":[\"https:\/\/cafesorus.es\/tienda\/producto\/cafe-molido-natural\/\"]}]},{\"@type\":\"ImageObject\",\"inLanguage\":\"es\",\"@id\":\"https:\/\/cafesorus.es\/tienda\/producto\/cafe-molido-natural\/#primaryimage\",\"url\":\"https:\/\/cafesorus.es\/tienda\/wp-content\/uploads\/2016\/11\/cafe-molido-natural.png\",\"contentUrl\":\"https:\/\/cafesorus.es\/tienda\/wp-content\/uploads\/2016\/11\/cafe-molido-natural.png\",\"width\":500,\"height\":500},{\"@type\":\"BreadcrumbList\",\"@id\":\"https:\/\/cafesorus.es\/tienda\/producto\/cafe-molido-natural\/#breadcrumb\",\"itemListElement\":[{\"@type\":\"ListItem\",\"position\":1,\"name\":\"Portada\",\"item\":\"https:\/\/cafesorus.es\/tienda\/\"},{\"@type\":\"ListItem\",\"position\":2,\"name\":\"Comprar Caf\u00e9 Online &#8211; Caf\u00e9s Or\u00fas\",\"item\":\"https:\/\/cafesorus.es\/tienda\/\"},{\"@type\":\"ListItem\",\"position\":3,\"name\":\"Caf\u00e9 Molido Natural 250 gramos\"}]},{\"@type\":\"WebSite\",\"@id\":\"https:\/\/cafesorus.es\/tienda\/#website\",\"url\":\"https:\/\/cafesorus.es\/tienda\/\",\"name\":\"Comprar caf\u00e9 online - Tienda online de Caf\u00e9s Or\u00fas\",\"description\":\"El sabor de tu vida\",\"publisher\":{\"@id\":\"https:\/\/cafesorus.es\/tienda\/#organization\"},\"potentialAction\":[{\"@type\":\"SearchAction\",\"target\":{\"@type\":\"EntryPoint\",\"urlTemplate\":\"https:\/\/cafesorus.es\/tienda\/?s={search_term_string}\"},\"query-input\":{\"@type\":\"PropertyValueSpecification\",\"valueRequired\":true,\"valueName\":\"search_term_string\"}}],\"inLanguage\":\"es\"},{\"@type\":\"Organization\",\"@id\":\"https:\/\/cafesorus.es\/tienda\/#organization\",\"name\":\"Caf\u00e9s Or\u00fas\",\"url\":\"https:\/\/cafesorus.es\/tienda\/\",\"logo\":{\"@type\":\"ImageObject\",\"inLanguage\":\"es\",\"@id\":\"https:\/\/cafesorus.es\/tienda\/#\/schema\/logo\/image\/\",\"url\":\"https:\/\/cafesorus.es\/tienda\/wp-content\/uploads\/2023\/01\/Branding_1_HD-e1672845351612.png\",\"contentUrl\":\"https:\/\/cafesorus.es\/tienda\/wp-content\/uploads\/2023\/01\/Branding_1_HD-e1672845351612.png\",\"width\":150,\"height\":96,\"caption\":\"Caf\u00e9s Or\u00fas\"},\"image\":{\"@id\":\"https:\/\/cafesorus.es\/tienda\/#\/schema\/logo\/image\/\"},\"sameAs\":[\"https:\/\/www.facebook.com\/cafesorusaragon\",\"https:\/\/x.com\/CafesOrus\",\"https:\/\/www.instagram.com\/cafesorus\/\",\"https:\/\/www.youtube.com\/user\/cafesorus\",\"https:\/\/www.flickr.com\/photos\/cafesorus\/\"]}]}<\/script>\n<!-- \/ Yoast SEO plugin. -->","yoast_head_json":{"title":"Caf\u00e9 Molido Natural 250 gramos - Comprar caf\u00e9 online - Tienda online de Caf\u00e9s Or\u00fas -","robots":{"index":"index","follow":"follow","max-snippet":"max-snippet:-1","max-image-preview":"max-image-preview:large","max-video-preview":"max-video-preview:-1"},"canonical":"https:\/\/cafesorus.es\/tienda\/producto\/cafe-molido-natural\/","og_locale":"es_ES","og_type":"article","og_title":"Caf\u00e9 Molido Natural 250 gramos - Comprar caf\u00e9 online - Tienda online de Caf\u00e9s Or\u00fas -","og_description":"Fruto de una esmerada combinaci\u00f3n de caf\u00e9s seleccionados de entre las mejores plantaciones del mundo, este Caf\u00e9 Natural es id\u00f3neo para los que gustan de paladear un caf\u00e9 de sabor suave y delicado aroma.    &nbsp;  &nbsp;","og_url":"https:\/\/cafesorus.es\/tienda\/producto\/cafe-molido-natural\/","og_site_name":"Comprar caf\u00e9 online - Tienda online de Caf\u00e9s Or\u00fas -","article_publisher":"https:\/\/www.facebook.com\/cafesorusaragon","article_modified_time":"2025-02-03T12:10:48+00:00","og_image":[{"width":500,"height":500,"url":"https:\/\/cafesorus.es\/tienda\/wp-content\/uploads\/2016\/11\/cafe-molido-natural.png","type":"image\/png"}],"twitter_card":"summary_large_image","twitter_site":"@CafesOrus","schema":{"@context":"https:\/\/schema.org","@graph":[{"@type":"WebPage","@id":"https:\/\/cafesorus.es\/tienda\/producto\/cafe-molido-natural\/","url":"https:\/\/cafesorus.es\/tienda\/producto\/cafe-molido-natural\/","name":"Caf\u00e9 Molido Natural 250 gramos - Comprar caf\u00e9 online - Tienda online de Caf\u00e9s Or\u00fas -","isPartOf":{"@id":"https:\/\/cafesorus.es\/tienda\/#website"},"primaryImageOfPage":{"@id":"https:\/\/cafesorus.es\/tienda\/producto\/cafe-molido-natural\/#primaryimage"},"image":{"@id":"https:\/\/cafesorus.es\/tienda\/producto\/cafe-molido-natural\/#primaryimage"},"thumbnailUrl":"https:\/\/cafesorus.es\/tienda\/wp-content\/uploads\/2016\/11\/cafe-molido-natural.png","datePublished":"2016-11-18T15:30:10+00:00","dateModified":"2025-02-03T12:10:48+00:00","breadcrumb":{"@id":"https:\/\/cafesorus.es\/tienda\/producto\/cafe-molido-natural\/#breadcrumb"},"inLanguage":"es","potentialAction":[{"@type":"ReadAction","target":["https:\/\/cafesorus.es\/tienda\/producto\/cafe-molido-natural\/"]}]},{"@type":"ImageObject","inLanguage":"es","@id":"https:\/\/cafesorus.es\/tienda\/producto\/cafe-molido-natural\/#primaryimage","url":"https:\/\/cafesorus.es\/tienda\/wp-content\/uploads\/2016\/11\/cafe-molido-natural.png","contentUrl":"https:\/\/cafesorus.es\/tienda\/wp-content\/uploads\/2016\/11\/cafe-molido-natural.png","width":500,"height":500},{"@type":"BreadcrumbList","@id":"https:\/\/cafesorus.es\/tienda\/producto\/cafe-molido-natural\/#breadcrumb","itemListElement":[{"@type":"ListItem","position":1,"name":"Portada","item":"https:\/\/cafesorus.es\/tienda\/"},{"@type":"ListItem","position":2,"name":"Comprar Caf\u00e9 Online &#8211; Caf\u00e9s Or\u00fas","item":"https:\/\/cafesorus.es\/tienda\/"},{"@type":"ListItem","position":3,"name":"Caf\u00e9 Molido Natural 250 gramos"}]},{"@type":"WebSite","@id":"https:\/\/cafesorus.es\/tienda\/#website","url":"https:\/\/cafesorus.es\/tienda\/","name":"Comprar caf\u00e9 online - Tienda online de Caf\u00e9s Or\u00fas","description":"El sabor de tu vida","publisher":{"@id":"https:\/\/cafesorus.es\/tienda\/#organization"},"potentialAction":[{"@type":"SearchAction","target":{"@type":"EntryPoint","urlTemplate":"https:\/\/cafesorus.es\/tienda\/?s={search_term_string}"},"query-input":{"@type":"PropertyValueSpecification","valueRequired":true,"valueName":"search_term_string"}}],"inLanguage":"es"},{"@type":"Organization","@id":"https:\/\/cafesorus.es\/tienda\/#organization","name":"Caf\u00e9s Or\u00fas","url":"https:\/\/cafesorus.es\/tienda\/","logo":{"@type":"ImageObject","inLanguage":"es","@id":"https:\/\/cafesorus.es\/tienda\/#\/schema\/logo\/image\/","url":"https:\/\/cafesorus.es\/tienda\/wp-content\/uploads\/2023\/01\/Branding_1_HD-e1672845351612.png","contentUrl":"https:\/\/cafesorus.es\/tienda\/wp-content\/uploads\/2023\/01\/Branding_1_HD-e1672845351612.png","width":150,"height":96,"caption":"Caf\u00e9s Or\u00fas"},"image":{"@id":"https:\/\/cafesorus.es\/tienda\/#\/schema\/logo\/image\/"},"sameAs":["https:\/\/www.facebook.com\/cafesorusaragon","https:\/\/x.com\/CafesOrus","https:\/\/www.instagram.com\/cafesorus\/","https:\/\/www.youtube.com\/user\/cafesorus","https:\/\/www.flickr.com\/photos\/cafesorus\/"]}]}},"_links":{"self":[{"href":"https:\/\/cafesorus.es\/tienda\/wp-json\/wp\/v2\/product\/18398","targetHints":{"allow":["GET"]}}],"collection":[{"href":"https:\/\/cafesorus.es\/tienda\/wp-json\/wp\/v2\/product"}],"about":[{"href":"https:\/\/cafesorus.es\/tienda\/wp-json\/wp\/v2\/types\/product"}],"replies":[{"embeddable":true,"href":"https:\/\/cafesorus.es\/tienda\/wp-json\/wp\/v2\/comments?post=18398"}],"wp:featuredmedia":[{"embeddable":true,"href":"https:\/\/cafesorus.es\/tienda\/wp-json\/wp\/v2\/media\/19128"}],"wp:attachment":[{"href":"https:\/\/cafesorus.es\/tienda\/wp-json\/wp\/v2\/media?parent=18398"}],"wp:term":[{"taxonomy":"product_brand","embeddable":true,"href":"https:\/\/cafesorus.es\/tienda\/wp-json\/wp\/v2\/product_brand?post=18398"},{"taxonomy":"product_cat","embeddable":true,"href":"https:\/\/cafesorus.es\/tienda\/wp-json\/wp\/v2\/product_cat?post=18398"},{"taxonomy":"product_tag","embeddable":true,"href":"https:\/\/cafesorus.es\/tienda\/wp-json\/wp\/v2\/product_tag?post=18398"}],"curies":[{"name":"wp","href":"https:\/\/api.w.org\/{rel}","templated":true}]}}