{"id":18418,"date":"2016-11-21T11:15:39","date_gmt":"2016-11-21T10:15:39","guid":{"rendered":"https:\/\/cafesorus.es\/tienda\/producto\/cap-expresso-molto-piaccere-16-ud-descafeinado\/"},"modified":"2026-03-24T13:11:40","modified_gmt":"2026-03-24T12:11:40","slug":"molto-piacere-descafeinado","status":"publish","type":"product","link":"https:\/\/cafesorus.es\/tienda\/producto\/molto-piacere-descafeinado\/","title":{"rendered":"C\u00e1psulas compatibles con m\u00e1quinas NESCAF\u00c9\u00ae Dolce Gusto\u00ae &#8211; Caf\u00e9s Or\u00fas (Descafeinado)"},"content":{"rendered":"","protected":false},"excerpt":{"rendered":"<ul>\n<li id=\"title\" class=\"a-size-large a-spacing-none\"><span id=\"productTitle\" class=\"a-size-large product-title-word-break\">C\u00e1psulas compatibles con m\u00e1quinas NESCAF\u00c9\u00ae Dolce Gusto\u00ae &#8211; Caf\u00e9s Or\u00fas (Descafeinado)<\/span><\/li>\n<li class=\"a-size-large a-spacing-none\">C\u00e1psulas de caf\u00e9 descafeinado \u2018Molto Piacere\u2019: El cl\u00e1sico sabor de nuestro caf\u00e9 descafeinado, perfecto para aquellos que no quieren renunciar al sabor de un buen caf\u00e9.<\/li>\n<li class=\"a-size-large a-spacing-none\">Compatibilidad: NESCAF\u00c9\u00ae Dolce Gusto\u00ae(*).<\/li>\n<\/ul>\n<p><img decoding=\"async\" class=\"alignleft wp-image-18466 size-full\" src=\"https:\/\/cafesorus.es\/tienda\/wp-content\/uploads\/2016\/11\/16_capsulas-215x61.png\" width=\"215\" height=\"61\" srcset=\"https:\/\/cafesorus.es\/tienda\/wp-content\/uploads\/2016\/11\/16_capsulas-215x61-200x57.png 200w, https:\/\/cafesorus.es\/tienda\/wp-content\/uploads\/2016\/11\/16_capsulas-215x61.png 215w\" sizes=\"(max-width: 215px) 100vw, 215px\" \/><\/p>\n<p>&nbsp;<\/p>\n<p>&nbsp;<\/p>\n<p>(*) Marca de una compa\u00f1\u00eda no relacionada con Caf\u00e9s Or\u00fas S.A.<\/p>\n","protected":false},"featured_media":19254,"comment_status":"open","ping_status":"closed","template":"","meta":[],"product_brand":[],"product_cat":[75,77,79],"product_tag":[],"class_list":{"0":"post-18418","1":"product","2":"type-product","3":"status-publish","4":"has-post-thumbnail","6":"product_cat-cafe","7":"product_cat-capsulas","8":"product_cat-molto-piacere","9":"product_shipping_class-envio-estandar","11":"first","12":"outofstock","13":"purchasable","14":"product-type-simple"},"yoast_head":"<!-- This site is optimized with the Yoast SEO plugin v26.0 - https:\/\/yoast.com\/wordpress\/plugins\/seo\/ -->\n<title>C\u00e1psulas compatibles con m\u00e1quinas NESCAF\u00c9\u00ae Dolce Gusto\u00ae - Caf\u00e9s Or\u00fas (Descafeinado) - Comprar caf\u00e9 online - Tienda online de Caf\u00e9s Or\u00fas -<\/title>\n<meta name=\"robots\" content=\"index, follow, max-snippet:-1, max-image-preview:large, max-video-preview:-1\" \/>\n<link rel=\"canonical\" href=\"https:\/\/cafesorus.es\/tienda\/producto\/molto-piacere-descafeinado\/\" \/>\n<meta property=\"og:locale\" content=\"es_ES\" \/>\n<meta property=\"og:type\" content=\"article\" \/>\n<meta property=\"og:title\" content=\"C\u00e1psulas compatibles con m\u00e1quinas NESCAF\u00c9\u00ae Dolce Gusto\u00ae - Caf\u00e9s Or\u00fas (Descafeinado) - Comprar caf\u00e9 online - Tienda online de Caf\u00e9s Or\u00fas -\" \/>\n<meta property=\"og:description\" content=\"C\u00e1psulas compatibles con m\u00e1quinas NESCAF\u00c9\u00ae Dolce Gusto\u00ae - Caf\u00e9s Or\u00fas (Descafeinado)  C\u00e1psulas de caf\u00e9 descafeinado \u2018Molto Piacere\u2019: El cl\u00e1sico sabor de nuestro caf\u00e9 descafeinado, perfecto para aquellos que no quieren renunciar al sabor de un buen caf\u00e9.  Compatibilidad: NESCAF\u00c9\u00ae Dolce Gusto\u00ae(*).    &nbsp;  &nbsp;  (*) Marca de una compa\u00f1\u00eda no relacionada con Caf\u00e9s Or\u00fas S.A.\" \/>\n<meta property=\"og:url\" content=\"https:\/\/cafesorus.es\/tienda\/producto\/molto-piacere-descafeinado\/\" \/>\n<meta property=\"og:site_name\" content=\"Comprar caf\u00e9 online - Tienda online de Caf\u00e9s Or\u00fas -\" \/>\n<meta property=\"article:publisher\" content=\"https:\/\/www.facebook.com\/cafesorusaragon\" \/>\n<meta property=\"article:modified_time\" content=\"2026-03-24T12:11:40+00:00\" \/>\n<meta property=\"og:image\" content=\"https:\/\/cafesorus.es\/tienda\/wp-content\/uploads\/2016\/11\/34_Caja-16-ca\u0301psulas-Descafeinado_3d-copia-1-e1672241570508.png\" \/>\n\t<meta property=\"og:image:width\" content=\"500\" \/>\n\t<meta property=\"og:image:height\" content=\"464\" \/>\n\t<meta property=\"og:image:type\" content=\"image\/png\" \/>\n<meta name=\"twitter:card\" content=\"summary_large_image\" \/>\n<meta name=\"twitter:site\" content=\"@CafesOrus\" \/>\n<script type=\"application\/ld+json\" class=\"yoast-schema-graph\">{\"@context\":\"https:\/\/schema.org\",\"@graph\":[{\"@type\":\"WebPage\",\"@id\":\"https:\/\/cafesorus.es\/tienda\/producto\/molto-piacere-descafeinado\/\",\"url\":\"https:\/\/cafesorus.es\/tienda\/producto\/molto-piacere-descafeinado\/\",\"name\":\"C\u00e1psulas compatibles con m\u00e1quinas NESCAF\u00c9\u00ae Dolce Gusto\u00ae - Caf\u00e9s Or\u00fas (Descafeinado) - Comprar caf\u00e9 online - Tienda online de Caf\u00e9s Or\u00fas -\",\"isPartOf\":{\"@id\":\"https:\/\/cafesorus.es\/tienda\/#website\"},\"primaryImageOfPage\":{\"@id\":\"https:\/\/cafesorus.es\/tienda\/producto\/molto-piacere-descafeinado\/#primaryimage\"},\"image\":{\"@id\":\"https:\/\/cafesorus.es\/tienda\/producto\/molto-piacere-descafeinado\/#primaryimage\"},\"thumbnailUrl\":\"https:\/\/cafesorus.es\/tienda\/wp-content\/uploads\/2016\/11\/34_Caja-16-ca\u0301psulas-Descafeinado_3d-copia-1-e1672241570508.png\",\"datePublished\":\"2016-11-21T10:15:39+00:00\",\"dateModified\":\"2026-03-24T12:11:40+00:00\",\"breadcrumb\":{\"@id\":\"https:\/\/cafesorus.es\/tienda\/producto\/molto-piacere-descafeinado\/#breadcrumb\"},\"inLanguage\":\"es\",\"potentialAction\":[{\"@type\":\"ReadAction\",\"target\":[\"https:\/\/cafesorus.es\/tienda\/producto\/molto-piacere-descafeinado\/\"]}]},{\"@type\":\"ImageObject\",\"inLanguage\":\"es\",\"@id\":\"https:\/\/cafesorus.es\/tienda\/producto\/molto-piacere-descafeinado\/#primaryimage\",\"url\":\"https:\/\/cafesorus.es\/tienda\/wp-content\/uploads\/2016\/11\/34_Caja-16-ca\u0301psulas-Descafeinado_3d-copia-1-e1672241570508.png\",\"contentUrl\":\"https:\/\/cafesorus.es\/tienda\/wp-content\/uploads\/2016\/11\/34_Caja-16-ca\u0301psulas-Descafeinado_3d-copia-1-e1672241570508.png\",\"width\":500,\"height\":464},{\"@type\":\"BreadcrumbList\",\"@id\":\"https:\/\/cafesorus.es\/tienda\/producto\/molto-piacere-descafeinado\/#breadcrumb\",\"itemListElement\":[{\"@type\":\"ListItem\",\"position\":1,\"name\":\"Portada\",\"item\":\"https:\/\/cafesorus.es\/tienda\/\"},{\"@type\":\"ListItem\",\"position\":2,\"name\":\"Comprar Caf\u00e9 Online &#8211; Caf\u00e9s Or\u00fas\",\"item\":\"https:\/\/cafesorus.es\/tienda\/\"},{\"@type\":\"ListItem\",\"position\":3,\"name\":\"C\u00e1psulas compatibles con m\u00e1quinas NESCAF\u00c9\u00ae Dolce Gusto\u00ae &#8211; Caf\u00e9s Or\u00fas (Descafeinado)\"}]},{\"@type\":\"WebSite\",\"@id\":\"https:\/\/cafesorus.es\/tienda\/#website\",\"url\":\"https:\/\/cafesorus.es\/tienda\/\",\"name\":\"Comprar caf\u00e9 online - Tienda online de Caf\u00e9s Or\u00fas\",\"description\":\"El sabor de tu vida\",\"publisher\":{\"@id\":\"https:\/\/cafesorus.es\/tienda\/#organization\"},\"potentialAction\":[{\"@type\":\"SearchAction\",\"target\":{\"@type\":\"EntryPoint\",\"urlTemplate\":\"https:\/\/cafesorus.es\/tienda\/?s={search_term_string}\"},\"query-input\":{\"@type\":\"PropertyValueSpecification\",\"valueRequired\":true,\"valueName\":\"search_term_string\"}}],\"inLanguage\":\"es\"},{\"@type\":\"Organization\",\"@id\":\"https:\/\/cafesorus.es\/tienda\/#organization\",\"name\":\"Caf\u00e9s Or\u00fas\",\"url\":\"https:\/\/cafesorus.es\/tienda\/\",\"logo\":{\"@type\":\"ImageObject\",\"inLanguage\":\"es\",\"@id\":\"https:\/\/cafesorus.es\/tienda\/#\/schema\/logo\/image\/\",\"url\":\"https:\/\/cafesorus.es\/tienda\/wp-content\/uploads\/2023\/01\/Branding_1_HD-e1672845351612.png\",\"contentUrl\":\"https:\/\/cafesorus.es\/tienda\/wp-content\/uploads\/2023\/01\/Branding_1_HD-e1672845351612.png\",\"width\":150,\"height\":96,\"caption\":\"Caf\u00e9s Or\u00fas\"},\"image\":{\"@id\":\"https:\/\/cafesorus.es\/tienda\/#\/schema\/logo\/image\/\"},\"sameAs\":[\"https:\/\/www.facebook.com\/cafesorusaragon\",\"https:\/\/x.com\/CafesOrus\",\"https:\/\/www.instagram.com\/cafesorus\/\",\"https:\/\/www.youtube.com\/user\/cafesorus\",\"https:\/\/www.flickr.com\/photos\/cafesorus\/\"]}]}<\/script>\n<!-- \/ Yoast SEO plugin. -->","yoast_head_json":{"title":"C\u00e1psulas compatibles con m\u00e1quinas NESCAF\u00c9\u00ae Dolce Gusto\u00ae - Caf\u00e9s Or\u00fas (Descafeinado) - Comprar caf\u00e9 online - Tienda online de Caf\u00e9s Or\u00fas -","robots":{"index":"index","follow":"follow","max-snippet":"max-snippet:-1","max-image-preview":"max-image-preview:large","max-video-preview":"max-video-preview:-1"},"canonical":"https:\/\/cafesorus.es\/tienda\/producto\/molto-piacere-descafeinado\/","og_locale":"es_ES","og_type":"article","og_title":"C\u00e1psulas compatibles con m\u00e1quinas NESCAF\u00c9\u00ae Dolce Gusto\u00ae - Caf\u00e9s Or\u00fas (Descafeinado) - Comprar caf\u00e9 online - Tienda online de Caf\u00e9s Or\u00fas -","og_description":"C\u00e1psulas compatibles con m\u00e1quinas NESCAF\u00c9\u00ae Dolce Gusto\u00ae - Caf\u00e9s Or\u00fas (Descafeinado)  C\u00e1psulas de caf\u00e9 descafeinado \u2018Molto Piacere\u2019: El cl\u00e1sico sabor de nuestro caf\u00e9 descafeinado, perfecto para aquellos que no quieren renunciar al sabor de un buen caf\u00e9.  Compatibilidad: NESCAF\u00c9\u00ae Dolce Gusto\u00ae(*).    &nbsp;  &nbsp;  (*) Marca de una compa\u00f1\u00eda no relacionada con Caf\u00e9s Or\u00fas S.A.","og_url":"https:\/\/cafesorus.es\/tienda\/producto\/molto-piacere-descafeinado\/","og_site_name":"Comprar caf\u00e9 online - Tienda online de Caf\u00e9s Or\u00fas -","article_publisher":"https:\/\/www.facebook.com\/cafesorusaragon","article_modified_time":"2026-03-24T12:11:40+00:00","og_image":[{"width":500,"height":464,"url":"https:\/\/cafesorus.es\/tienda\/wp-content\/uploads\/2016\/11\/34_Caja-16-ca\u0301psulas-Descafeinado_3d-copia-1-e1672241570508.png","type":"image\/png"}],"twitter_card":"summary_large_image","twitter_site":"@CafesOrus","schema":{"@context":"https:\/\/schema.org","@graph":[{"@type":"WebPage","@id":"https:\/\/cafesorus.es\/tienda\/producto\/molto-piacere-descafeinado\/","url":"https:\/\/cafesorus.es\/tienda\/producto\/molto-piacere-descafeinado\/","name":"C\u00e1psulas compatibles con m\u00e1quinas NESCAF\u00c9\u00ae Dolce Gusto\u00ae - Caf\u00e9s Or\u00fas (Descafeinado) - Comprar caf\u00e9 online - Tienda online de Caf\u00e9s Or\u00fas -","isPartOf":{"@id":"https:\/\/cafesorus.es\/tienda\/#website"},"primaryImageOfPage":{"@id":"https:\/\/cafesorus.es\/tienda\/producto\/molto-piacere-descafeinado\/#primaryimage"},"image":{"@id":"https:\/\/cafesorus.es\/tienda\/producto\/molto-piacere-descafeinado\/#primaryimage"},"thumbnailUrl":"https:\/\/cafesorus.es\/tienda\/wp-content\/uploads\/2016\/11\/34_Caja-16-ca\u0301psulas-Descafeinado_3d-copia-1-e1672241570508.png","datePublished":"2016-11-21T10:15:39+00:00","dateModified":"2026-03-24T12:11:40+00:00","breadcrumb":{"@id":"https:\/\/cafesorus.es\/tienda\/producto\/molto-piacere-descafeinado\/#breadcrumb"},"inLanguage":"es","potentialAction":[{"@type":"ReadAction","target":["https:\/\/cafesorus.es\/tienda\/producto\/molto-piacere-descafeinado\/"]}]},{"@type":"ImageObject","inLanguage":"es","@id":"https:\/\/cafesorus.es\/tienda\/producto\/molto-piacere-descafeinado\/#primaryimage","url":"https:\/\/cafesorus.es\/tienda\/wp-content\/uploads\/2016\/11\/34_Caja-16-ca\u0301psulas-Descafeinado_3d-copia-1-e1672241570508.png","contentUrl":"https:\/\/cafesorus.es\/tienda\/wp-content\/uploads\/2016\/11\/34_Caja-16-ca\u0301psulas-Descafeinado_3d-copia-1-e1672241570508.png","width":500,"height":464},{"@type":"BreadcrumbList","@id":"https:\/\/cafesorus.es\/tienda\/producto\/molto-piacere-descafeinado\/#breadcrumb","itemListElement":[{"@type":"ListItem","position":1,"name":"Portada","item":"https:\/\/cafesorus.es\/tienda\/"},{"@type":"ListItem","position":2,"name":"Comprar Caf\u00e9 Online &#8211; Caf\u00e9s Or\u00fas","item":"https:\/\/cafesorus.es\/tienda\/"},{"@type":"ListItem","position":3,"name":"C\u00e1psulas compatibles con m\u00e1quinas NESCAF\u00c9\u00ae Dolce Gusto\u00ae &#8211; Caf\u00e9s Or\u00fas (Descafeinado)"}]},{"@type":"WebSite","@id":"https:\/\/cafesorus.es\/tienda\/#website","url":"https:\/\/cafesorus.es\/tienda\/","name":"Comprar caf\u00e9 online - Tienda online de Caf\u00e9s Or\u00fas","description":"El sabor de tu vida","publisher":{"@id":"https:\/\/cafesorus.es\/tienda\/#organization"},"potentialAction":[{"@type":"SearchAction","target":{"@type":"EntryPoint","urlTemplate":"https:\/\/cafesorus.es\/tienda\/?s={search_term_string}"},"query-input":{"@type":"PropertyValueSpecification","valueRequired":true,"valueName":"search_term_string"}}],"inLanguage":"es"},{"@type":"Organization","@id":"https:\/\/cafesorus.es\/tienda\/#organization","name":"Caf\u00e9s Or\u00fas","url":"https:\/\/cafesorus.es\/tienda\/","logo":{"@type":"ImageObject","inLanguage":"es","@id":"https:\/\/cafesorus.es\/tienda\/#\/schema\/logo\/image\/","url":"https:\/\/cafesorus.es\/tienda\/wp-content\/uploads\/2023\/01\/Branding_1_HD-e1672845351612.png","contentUrl":"https:\/\/cafesorus.es\/tienda\/wp-content\/uploads\/2023\/01\/Branding_1_HD-e1672845351612.png","width":150,"height":96,"caption":"Caf\u00e9s Or\u00fas"},"image":{"@id":"https:\/\/cafesorus.es\/tienda\/#\/schema\/logo\/image\/"},"sameAs":["https:\/\/www.facebook.com\/cafesorusaragon","https:\/\/x.com\/CafesOrus","https:\/\/www.instagram.com\/cafesorus\/","https:\/\/www.youtube.com\/user\/cafesorus","https:\/\/www.flickr.com\/photos\/cafesorus\/"]}]}},"_links":{"self":[{"href":"https:\/\/cafesorus.es\/tienda\/wp-json\/wp\/v2\/product\/18418","targetHints":{"allow":["GET"]}}],"collection":[{"href":"https:\/\/cafesorus.es\/tienda\/wp-json\/wp\/v2\/product"}],"about":[{"href":"https:\/\/cafesorus.es\/tienda\/wp-json\/wp\/v2\/types\/product"}],"replies":[{"embeddable":true,"href":"https:\/\/cafesorus.es\/tienda\/wp-json\/wp\/v2\/comments?post=18418"}],"wp:featuredmedia":[{"embeddable":true,"href":"https:\/\/cafesorus.es\/tienda\/wp-json\/wp\/v2\/media\/19254"}],"wp:attachment":[{"href":"https:\/\/cafesorus.es\/tienda\/wp-json\/wp\/v2\/media?parent=18418"}],"wp:term":[{"taxonomy":"product_brand","embeddable":true,"href":"https:\/\/cafesorus.es\/tienda\/wp-json\/wp\/v2\/product_brand?post=18418"},{"taxonomy":"product_cat","embeddable":true,"href":"https:\/\/cafesorus.es\/tienda\/wp-json\/wp\/v2\/product_cat?post=18418"},{"taxonomy":"product_tag","embeddable":true,"href":"https:\/\/cafesorus.es\/tienda\/wp-json\/wp\/v2\/product_tag?post=18418"}],"curies":[{"name":"wp","href":"https:\/\/api.w.org\/{rel}","templated":true}]}}