{"id":18437,"date":"2016-11-21T12:45:34","date_gmt":"2016-11-21T11:45:34","guid":{"rendered":"https:\/\/cafesorus.es\/tienda\/producto\/te-negro-pakistani-15-t\/"},"modified":"2024-01-30T13:15:17","modified_gmt":"2024-01-30T12:15:17","slug":"te-negro-pakistani","status":"publish","type":"product","link":"https:\/\/cafesorus.es\/tienda\/producto\/te-negro-pakistani\/","title":{"rendered":"T\u00e9 Negro Pakistan\u00ed &#8211; T\u00e9 antioxidante, purificante, diur\u00e9tico, energ\u00e9tico y bajo en calor\u00edas &#8211; Caf\u00e9s Or\u00fas"},"content":{"rendered":"","protected":false},"excerpt":{"rendered":"<p style=\"text-align: justify;\">Afrodisiaco natural que evoca al lejano oriente. T\u00e9 negro, c\u00e1scara de naranja, clavo, jengibre, canela y vainilla. M\u00faltiples propiedades enriquecedoras para la salud. Antioxidante, purificante, diur\u00e9tico, energ\u00e9tico y bajo en calor\u00edas.<\/p>\n<p style=\"text-align: justify;\"><img decoding=\"async\" class=\"alignleft size-full wp-image-18553\" src=\"https:\/\/cafesorus.es\/tienda\/wp-content\/uploads\/2016\/11\/hostleria_15filtros-166x61.png\" alt=\"hostleria_15filtros-166x61\" width=\"166\" height=\"61\" \/><\/p>\n<p>&nbsp;<\/p>\n","protected":false},"featured_media":18597,"comment_status":"open","ping_status":"closed","template":"","meta":[],"product_brand":[],"product_cat":[83],"product_tag":[],"class_list":{"0":"post-18437","1":"product","2":"type-product","3":"status-publish","4":"has-post-thumbnail","6":"product_cat-infusiones","7":"product_shipping_class-envio-estandar","9":"first","10":"instock","11":"purchasable","12":"product-type-simple"},"yoast_head":"<!-- This site is optimized with the Yoast SEO plugin v26.0 - https:\/\/yoast.com\/wordpress\/plugins\/seo\/ -->\n<title>T\u00e9 Negro Pakistan\u00ed - T\u00e9 antioxidante, purificante, diur\u00e9tico, energ\u00e9tico y bajo en calor\u00edas - Caf\u00e9s Or\u00fas - Comprar caf\u00e9 online - Tienda online de Caf\u00e9s Or\u00fas -<\/title>\n<meta name=\"robots\" content=\"index, follow, max-snippet:-1, max-image-preview:large, max-video-preview:-1\" \/>\n<link rel=\"canonical\" href=\"https:\/\/cafesorus.es\/tienda\/producto\/te-negro-pakistani\/\" \/>\n<meta property=\"og:locale\" content=\"es_ES\" \/>\n<meta property=\"og:type\" content=\"article\" \/>\n<meta property=\"og:title\" content=\"T\u00e9 Negro Pakistan\u00ed - T\u00e9 antioxidante, purificante, diur\u00e9tico, energ\u00e9tico y bajo en calor\u00edas - Caf\u00e9s Or\u00fas - Comprar caf\u00e9 online - Tienda online de Caf\u00e9s Or\u00fas -\" \/>\n<meta property=\"og:description\" content=\"Afrodisiaco natural que evoca al lejano oriente. T\u00e9 negro, c\u00e1scara de naranja, clavo, jengibre, canela y vainilla. M\u00faltiples propiedades enriquecedoras para la salud. Antioxidante, purificante, diur\u00e9tico, energ\u00e9tico y bajo en calor\u00edas.  &nbsp;\" \/>\n<meta property=\"og:url\" content=\"https:\/\/cafesorus.es\/tienda\/producto\/te-negro-pakistani\/\" \/>\n<meta property=\"og:site_name\" content=\"Comprar caf\u00e9 online - Tienda online de Caf\u00e9s Or\u00fas -\" \/>\n<meta property=\"article:publisher\" content=\"https:\/\/www.facebook.com\/cafesorusaragon\" \/>\n<meta property=\"article:modified_time\" content=\"2024-01-30T12:15:17+00:00\" \/>\n<meta property=\"og:image\" content=\"https:\/\/cafesorus.es\/tienda\/wp-content\/uploads\/2017\/02\/caja_te_negro_pakistani.png\" \/>\n\t<meta property=\"og:image:width\" content=\"400\" \/>\n\t<meta property=\"og:image:height\" content=\"400\" \/>\n\t<meta property=\"og:image:type\" content=\"image\/png\" \/>\n<meta name=\"twitter:card\" content=\"summary_large_image\" \/>\n<meta name=\"twitter:site\" content=\"@CafesOrus\" \/>\n<script type=\"application\/ld+json\" class=\"yoast-schema-graph\">{\"@context\":\"https:\/\/schema.org\",\"@graph\":[{\"@type\":\"WebPage\",\"@id\":\"https:\/\/cafesorus.es\/tienda\/producto\/te-negro-pakistani\/\",\"url\":\"https:\/\/cafesorus.es\/tienda\/producto\/te-negro-pakistani\/\",\"name\":\"T\u00e9 Negro Pakistan\u00ed - T\u00e9 antioxidante, purificante, diur\u00e9tico, energ\u00e9tico y bajo en calor\u00edas - Caf\u00e9s Or\u00fas - Comprar caf\u00e9 online - Tienda online de Caf\u00e9s Or\u00fas -\",\"isPartOf\":{\"@id\":\"https:\/\/cafesorus.es\/tienda\/#website\"},\"primaryImageOfPage\":{\"@id\":\"https:\/\/cafesorus.es\/tienda\/producto\/te-negro-pakistani\/#primaryimage\"},\"image\":{\"@id\":\"https:\/\/cafesorus.es\/tienda\/producto\/te-negro-pakistani\/#primaryimage\"},\"thumbnailUrl\":\"https:\/\/cafesorus.es\/tienda\/wp-content\/uploads\/2017\/02\/caja_te_negro_pakistani.png\",\"datePublished\":\"2016-11-21T11:45:34+00:00\",\"dateModified\":\"2024-01-30T12:15:17+00:00\",\"breadcrumb\":{\"@id\":\"https:\/\/cafesorus.es\/tienda\/producto\/te-negro-pakistani\/#breadcrumb\"},\"inLanguage\":\"es\",\"potentialAction\":[{\"@type\":\"ReadAction\",\"target\":[\"https:\/\/cafesorus.es\/tienda\/producto\/te-negro-pakistani\/\"]}]},{\"@type\":\"ImageObject\",\"inLanguage\":\"es\",\"@id\":\"https:\/\/cafesorus.es\/tienda\/producto\/te-negro-pakistani\/#primaryimage\",\"url\":\"https:\/\/cafesorus.es\/tienda\/wp-content\/uploads\/2017\/02\/caja_te_negro_pakistani.png\",\"contentUrl\":\"https:\/\/cafesorus.es\/tienda\/wp-content\/uploads\/2017\/02\/caja_te_negro_pakistani.png\",\"width\":400,\"height\":400},{\"@type\":\"BreadcrumbList\",\"@id\":\"https:\/\/cafesorus.es\/tienda\/producto\/te-negro-pakistani\/#breadcrumb\",\"itemListElement\":[{\"@type\":\"ListItem\",\"position\":1,\"name\":\"Portada\",\"item\":\"https:\/\/cafesorus.es\/tienda\/\"},{\"@type\":\"ListItem\",\"position\":2,\"name\":\"Comprar Caf\u00e9 Online &#8211; Caf\u00e9s Or\u00fas\",\"item\":\"https:\/\/cafesorus.es\/tienda\/\"},{\"@type\":\"ListItem\",\"position\":3,\"name\":\"T\u00e9 Negro Pakistan\u00ed &#8211; T\u00e9 antioxidante, purificante, diur\u00e9tico, energ\u00e9tico y bajo en calor\u00edas &#8211; Caf\u00e9s Or\u00fas\"}]},{\"@type\":\"WebSite\",\"@id\":\"https:\/\/cafesorus.es\/tienda\/#website\",\"url\":\"https:\/\/cafesorus.es\/tienda\/\",\"name\":\"Comprar caf\u00e9 online - Tienda online de Caf\u00e9s Or\u00fas\",\"description\":\"El sabor de tu vida\",\"publisher\":{\"@id\":\"https:\/\/cafesorus.es\/tienda\/#organization\"},\"potentialAction\":[{\"@type\":\"SearchAction\",\"target\":{\"@type\":\"EntryPoint\",\"urlTemplate\":\"https:\/\/cafesorus.es\/tienda\/?s={search_term_string}\"},\"query-input\":{\"@type\":\"PropertyValueSpecification\",\"valueRequired\":true,\"valueName\":\"search_term_string\"}}],\"inLanguage\":\"es\"},{\"@type\":\"Organization\",\"@id\":\"https:\/\/cafesorus.es\/tienda\/#organization\",\"name\":\"Caf\u00e9s Or\u00fas\",\"url\":\"https:\/\/cafesorus.es\/tienda\/\",\"logo\":{\"@type\":\"ImageObject\",\"inLanguage\":\"es\",\"@id\":\"https:\/\/cafesorus.es\/tienda\/#\/schema\/logo\/image\/\",\"url\":\"https:\/\/cafesorus.es\/tienda\/wp-content\/uploads\/2023\/01\/Branding_1_HD-e1672845351612.png\",\"contentUrl\":\"https:\/\/cafesorus.es\/tienda\/wp-content\/uploads\/2023\/01\/Branding_1_HD-e1672845351612.png\",\"width\":150,\"height\":96,\"caption\":\"Caf\u00e9s Or\u00fas\"},\"image\":{\"@id\":\"https:\/\/cafesorus.es\/tienda\/#\/schema\/logo\/image\/\"},\"sameAs\":[\"https:\/\/www.facebook.com\/cafesorusaragon\",\"https:\/\/x.com\/CafesOrus\",\"https:\/\/www.instagram.com\/cafesorus\/\",\"https:\/\/www.youtube.com\/user\/cafesorus\",\"https:\/\/www.flickr.com\/photos\/cafesorus\/\"]}]}<\/script>\n<!-- \/ Yoast SEO plugin. -->","yoast_head_json":{"title":"T\u00e9 Negro Pakistan\u00ed - T\u00e9 antioxidante, purificante, diur\u00e9tico, energ\u00e9tico y bajo en calor\u00edas - Caf\u00e9s Or\u00fas - Comprar caf\u00e9 online - Tienda online de Caf\u00e9s Or\u00fas -","robots":{"index":"index","follow":"follow","max-snippet":"max-snippet:-1","max-image-preview":"max-image-preview:large","max-video-preview":"max-video-preview:-1"},"canonical":"https:\/\/cafesorus.es\/tienda\/producto\/te-negro-pakistani\/","og_locale":"es_ES","og_type":"article","og_title":"T\u00e9 Negro Pakistan\u00ed - T\u00e9 antioxidante, purificante, diur\u00e9tico, energ\u00e9tico y bajo en calor\u00edas - Caf\u00e9s Or\u00fas - Comprar caf\u00e9 online - Tienda online de Caf\u00e9s Or\u00fas -","og_description":"Afrodisiaco natural que evoca al lejano oriente. T\u00e9 negro, c\u00e1scara de naranja, clavo, jengibre, canela y vainilla. M\u00faltiples propiedades enriquecedoras para la salud. Antioxidante, purificante, diur\u00e9tico, energ\u00e9tico y bajo en calor\u00edas.  &nbsp;","og_url":"https:\/\/cafesorus.es\/tienda\/producto\/te-negro-pakistani\/","og_site_name":"Comprar caf\u00e9 online - Tienda online de Caf\u00e9s Or\u00fas -","article_publisher":"https:\/\/www.facebook.com\/cafesorusaragon","article_modified_time":"2024-01-30T12:15:17+00:00","og_image":[{"width":400,"height":400,"url":"https:\/\/cafesorus.es\/tienda\/wp-content\/uploads\/2017\/02\/caja_te_negro_pakistani.png","type":"image\/png"}],"twitter_card":"summary_large_image","twitter_site":"@CafesOrus","schema":{"@context":"https:\/\/schema.org","@graph":[{"@type":"WebPage","@id":"https:\/\/cafesorus.es\/tienda\/producto\/te-negro-pakistani\/","url":"https:\/\/cafesorus.es\/tienda\/producto\/te-negro-pakistani\/","name":"T\u00e9 Negro Pakistan\u00ed - T\u00e9 antioxidante, purificante, diur\u00e9tico, energ\u00e9tico y bajo en calor\u00edas - Caf\u00e9s Or\u00fas - Comprar caf\u00e9 online - Tienda online de Caf\u00e9s Or\u00fas -","isPartOf":{"@id":"https:\/\/cafesorus.es\/tienda\/#website"},"primaryImageOfPage":{"@id":"https:\/\/cafesorus.es\/tienda\/producto\/te-negro-pakistani\/#primaryimage"},"image":{"@id":"https:\/\/cafesorus.es\/tienda\/producto\/te-negro-pakistani\/#primaryimage"},"thumbnailUrl":"https:\/\/cafesorus.es\/tienda\/wp-content\/uploads\/2017\/02\/caja_te_negro_pakistani.png","datePublished":"2016-11-21T11:45:34+00:00","dateModified":"2024-01-30T12:15:17+00:00","breadcrumb":{"@id":"https:\/\/cafesorus.es\/tienda\/producto\/te-negro-pakistani\/#breadcrumb"},"inLanguage":"es","potentialAction":[{"@type":"ReadAction","target":["https:\/\/cafesorus.es\/tienda\/producto\/te-negro-pakistani\/"]}]},{"@type":"ImageObject","inLanguage":"es","@id":"https:\/\/cafesorus.es\/tienda\/producto\/te-negro-pakistani\/#primaryimage","url":"https:\/\/cafesorus.es\/tienda\/wp-content\/uploads\/2017\/02\/caja_te_negro_pakistani.png","contentUrl":"https:\/\/cafesorus.es\/tienda\/wp-content\/uploads\/2017\/02\/caja_te_negro_pakistani.png","width":400,"height":400},{"@type":"BreadcrumbList","@id":"https:\/\/cafesorus.es\/tienda\/producto\/te-negro-pakistani\/#breadcrumb","itemListElement":[{"@type":"ListItem","position":1,"name":"Portada","item":"https:\/\/cafesorus.es\/tienda\/"},{"@type":"ListItem","position":2,"name":"Comprar Caf\u00e9 Online &#8211; Caf\u00e9s Or\u00fas","item":"https:\/\/cafesorus.es\/tienda\/"},{"@type":"ListItem","position":3,"name":"T\u00e9 Negro Pakistan\u00ed &#8211; T\u00e9 antioxidante, purificante, diur\u00e9tico, energ\u00e9tico y bajo en calor\u00edas &#8211; Caf\u00e9s Or\u00fas"}]},{"@type":"WebSite","@id":"https:\/\/cafesorus.es\/tienda\/#website","url":"https:\/\/cafesorus.es\/tienda\/","name":"Comprar caf\u00e9 online - Tienda online de Caf\u00e9s Or\u00fas","description":"El sabor de tu vida","publisher":{"@id":"https:\/\/cafesorus.es\/tienda\/#organization"},"potentialAction":[{"@type":"SearchAction","target":{"@type":"EntryPoint","urlTemplate":"https:\/\/cafesorus.es\/tienda\/?s={search_term_string}"},"query-input":{"@type":"PropertyValueSpecification","valueRequired":true,"valueName":"search_term_string"}}],"inLanguage":"es"},{"@type":"Organization","@id":"https:\/\/cafesorus.es\/tienda\/#organization","name":"Caf\u00e9s Or\u00fas","url":"https:\/\/cafesorus.es\/tienda\/","logo":{"@type":"ImageObject","inLanguage":"es","@id":"https:\/\/cafesorus.es\/tienda\/#\/schema\/logo\/image\/","url":"https:\/\/cafesorus.es\/tienda\/wp-content\/uploads\/2023\/01\/Branding_1_HD-e1672845351612.png","contentUrl":"https:\/\/cafesorus.es\/tienda\/wp-content\/uploads\/2023\/01\/Branding_1_HD-e1672845351612.png","width":150,"height":96,"caption":"Caf\u00e9s Or\u00fas"},"image":{"@id":"https:\/\/cafesorus.es\/tienda\/#\/schema\/logo\/image\/"},"sameAs":["https:\/\/www.facebook.com\/cafesorusaragon","https:\/\/x.com\/CafesOrus","https:\/\/www.instagram.com\/cafesorus\/","https:\/\/www.youtube.com\/user\/cafesorus","https:\/\/www.flickr.com\/photos\/cafesorus\/"]}]}},"_links":{"self":[{"href":"https:\/\/cafesorus.es\/tienda\/wp-json\/wp\/v2\/product\/18437","targetHints":{"allow":["GET"]}}],"collection":[{"href":"https:\/\/cafesorus.es\/tienda\/wp-json\/wp\/v2\/product"}],"about":[{"href":"https:\/\/cafesorus.es\/tienda\/wp-json\/wp\/v2\/types\/product"}],"replies":[{"embeddable":true,"href":"https:\/\/cafesorus.es\/tienda\/wp-json\/wp\/v2\/comments?post=18437"}],"wp:featuredmedia":[{"embeddable":true,"href":"https:\/\/cafesorus.es\/tienda\/wp-json\/wp\/v2\/media\/18597"}],"wp:attachment":[{"href":"https:\/\/cafesorus.es\/tienda\/wp-json\/wp\/v2\/media?parent=18437"}],"wp:term":[{"taxonomy":"product_brand","embeddable":true,"href":"https:\/\/cafesorus.es\/tienda\/wp-json\/wp\/v2\/product_brand?post=18437"},{"taxonomy":"product_cat","embeddable":true,"href":"https:\/\/cafesorus.es\/tienda\/wp-json\/wp\/v2\/product_cat?post=18437"},{"taxonomy":"product_tag","embeddable":true,"href":"https:\/\/cafesorus.es\/tienda\/wp-json\/wp\/v2\/product_tag?post=18437"}],"curies":[{"name":"wp","href":"https:\/\/api.w.org\/{rel}","templated":true}]}}