{"id":18458,"date":"2016-11-21T16:37:03","date_gmt":"2016-11-21T15:37:03","guid":{"rendered":"https:\/\/cafesorus.es\/tienda\/producto\/edulcorante\/"},"modified":"2025-02-27T13:26:32","modified_gmt":"2025-02-27T12:26:32","slug":"edulcorante","status":"publish","type":"product","link":"https:\/\/cafesorus.es\/tienda\/producto\/edulcorante\/","title":{"rendered":"Edulcorante Caf\u00e9s Or\u00fas"},"content":{"rendered":"","protected":false},"excerpt":{"rendered":"<ul>\n<li data-index=\"1\">Cada caja contiene 50 dosis de edulcorante.<\/li>\n<li data-index=\"2\">Nuestro edulcorante es totalmente inocuo, no alterando el sabor de la bebida.<\/li>\n<li data-index=\"3\">No contiene gluten, por lo que es apto para cel\u00edacos, al estar exento de aspartano y glutamato.<\/li>\n<\/ul>\n<p><img decoding=\"async\" class=\"alignleft wp-image-18467 size-full\" src=\"https:\/\/cafesorus.es\/tienda\/wp-content\/uploads\/2016\/11\/alimentacion_edulcorante_50-172x61.png\" width=\"172\" height=\"61\" \/><\/p>\n<p>&nbsp;<\/p>\n<p>&nbsp;<\/p>\n","protected":false},"featured_media":20317,"comment_status":"open","ping_status":"closed","template":"","meta":[],"product_brand":[],"product_cat":[82],"product_tag":[116,119,117,118],"class_list":{"0":"post-18458","1":"product","2":"type-product","3":"status-publish","4":"has-post-thumbnail","6":"product_cat-complementos","7":"product_tag-edulcorante","8":"product_tag-edulcorante-cafes-orus","9":"product_tag-sacarina","10":"product_tag-sobres-de-edulcorante","11":"product_shipping_class-envio-estandar","13":"first","14":"instock","15":"purchasable","16":"product-type-simple"},"yoast_head":"<!-- This site is optimized with the Yoast SEO plugin v26.0 - https:\/\/yoast.com\/wordpress\/plugins\/seo\/ -->\n<title>Edulcorante Caf\u00e9s Or\u00fas<\/title>\n<meta name=\"robots\" content=\"index, follow, max-snippet:-1, max-image-preview:large, max-video-preview:-1\" \/>\n<link rel=\"canonical\" href=\"https:\/\/cafesorus.es\/tienda\/producto\/edulcorante\/\" \/>\n<meta property=\"og:locale\" content=\"es_ES\" \/>\n<meta property=\"og:type\" content=\"article\" \/>\n<meta property=\"og:title\" content=\"Edulcorante Caf\u00e9s Or\u00fas\" \/>\n<meta property=\"og:description\" content=\"Cada caja contiene 50 dosis de edulcorante.  Nuestro edulcorante es totalmente inocuo, no alterando el sabor de la bebida.  No contiene gluten, por lo que es apto para cel\u00edacos, al estar exento de aspartano y glutamato.    &nbsp;  &nbsp;\" \/>\n<meta property=\"og:url\" content=\"https:\/\/cafesorus.es\/tienda\/producto\/edulcorante\/\" \/>\n<meta property=\"og:site_name\" content=\"Comprar caf\u00e9 online - Tienda online de Caf\u00e9s Or\u00fas -\" \/>\n<meta property=\"article:publisher\" content=\"https:\/\/www.facebook.com\/cafesorusaragon\" \/>\n<meta property=\"article:modified_time\" content=\"2025-02-27T12:26:32+00:00\" \/>\n<meta property=\"og:image\" content=\"https:\/\/cafesorus.es\/tienda\/wp-content\/uploads\/2016\/11\/Edulcorante-1024x1024.png\" \/>\n\t<meta property=\"og:image:width\" content=\"1024\" \/>\n\t<meta property=\"og:image:height\" content=\"1024\" \/>\n\t<meta property=\"og:image:type\" content=\"image\/png\" \/>\n<meta name=\"twitter:card\" content=\"summary_large_image\" \/>\n<meta name=\"twitter:site\" content=\"@CafesOrus\" \/>\n<script type=\"application\/ld+json\" class=\"yoast-schema-graph\">{\"@context\":\"https:\/\/schema.org\",\"@graph\":[{\"@type\":\"WebPage\",\"@id\":\"https:\/\/cafesorus.es\/tienda\/producto\/edulcorante\/\",\"url\":\"https:\/\/cafesorus.es\/tienda\/producto\/edulcorante\/\",\"name\":\"Edulcorante Caf\u00e9s Or\u00fas\",\"isPartOf\":{\"@id\":\"https:\/\/cafesorus.es\/tienda\/#website\"},\"primaryImageOfPage\":{\"@id\":\"https:\/\/cafesorus.es\/tienda\/producto\/edulcorante\/#primaryimage\"},\"image\":{\"@id\":\"https:\/\/cafesorus.es\/tienda\/producto\/edulcorante\/#primaryimage\"},\"thumbnailUrl\":\"https:\/\/cafesorus.es\/tienda\/wp-content\/uploads\/2016\/11\/Edulcorante.png\",\"datePublished\":\"2016-11-21T15:37:03+00:00\",\"dateModified\":\"2025-02-27T12:26:32+00:00\",\"breadcrumb\":{\"@id\":\"https:\/\/cafesorus.es\/tienda\/producto\/edulcorante\/#breadcrumb\"},\"inLanguage\":\"es\",\"potentialAction\":[{\"@type\":\"ReadAction\",\"target\":[\"https:\/\/cafesorus.es\/tienda\/producto\/edulcorante\/\"]}]},{\"@type\":\"ImageObject\",\"inLanguage\":\"es\",\"@id\":\"https:\/\/cafesorus.es\/tienda\/producto\/edulcorante\/#primaryimage\",\"url\":\"https:\/\/cafesorus.es\/tienda\/wp-content\/uploads\/2016\/11\/Edulcorante.png\",\"contentUrl\":\"https:\/\/cafesorus.es\/tienda\/wp-content\/uploads\/2016\/11\/Edulcorante.png\",\"width\":2000,\"height\":2000},{\"@type\":\"BreadcrumbList\",\"@id\":\"https:\/\/cafesorus.es\/tienda\/producto\/edulcorante\/#breadcrumb\",\"itemListElement\":[{\"@type\":\"ListItem\",\"position\":1,\"name\":\"Portada\",\"item\":\"https:\/\/cafesorus.es\/tienda\/\"},{\"@type\":\"ListItem\",\"position\":2,\"name\":\"Comprar Caf\u00e9 Online &#8211; Caf\u00e9s Or\u00fas\",\"item\":\"https:\/\/cafesorus.es\/tienda\/\"},{\"@type\":\"ListItem\",\"position\":3,\"name\":\"Edulcorante Caf\u00e9s Or\u00fas\"}]},{\"@type\":\"WebSite\",\"@id\":\"https:\/\/cafesorus.es\/tienda\/#website\",\"url\":\"https:\/\/cafesorus.es\/tienda\/\",\"name\":\"Comprar caf\u00e9 online - Tienda online de Caf\u00e9s Or\u00fas\",\"description\":\"El sabor de tu vida\",\"publisher\":{\"@id\":\"https:\/\/cafesorus.es\/tienda\/#organization\"},\"potentialAction\":[{\"@type\":\"SearchAction\",\"target\":{\"@type\":\"EntryPoint\",\"urlTemplate\":\"https:\/\/cafesorus.es\/tienda\/?s={search_term_string}\"},\"query-input\":{\"@type\":\"PropertyValueSpecification\",\"valueRequired\":true,\"valueName\":\"search_term_string\"}}],\"inLanguage\":\"es\"},{\"@type\":\"Organization\",\"@id\":\"https:\/\/cafesorus.es\/tienda\/#organization\",\"name\":\"Caf\u00e9s Or\u00fas\",\"url\":\"https:\/\/cafesorus.es\/tienda\/\",\"logo\":{\"@type\":\"ImageObject\",\"inLanguage\":\"es\",\"@id\":\"https:\/\/cafesorus.es\/tienda\/#\/schema\/logo\/image\/\",\"url\":\"https:\/\/cafesorus.es\/tienda\/wp-content\/uploads\/2023\/01\/Branding_1_HD-e1672845351612.png\",\"contentUrl\":\"https:\/\/cafesorus.es\/tienda\/wp-content\/uploads\/2023\/01\/Branding_1_HD-e1672845351612.png\",\"width\":150,\"height\":96,\"caption\":\"Caf\u00e9s Or\u00fas\"},\"image\":{\"@id\":\"https:\/\/cafesorus.es\/tienda\/#\/schema\/logo\/image\/\"},\"sameAs\":[\"https:\/\/www.facebook.com\/cafesorusaragon\",\"https:\/\/x.com\/CafesOrus\",\"https:\/\/www.instagram.com\/cafesorus\/\",\"https:\/\/www.youtube.com\/user\/cafesorus\",\"https:\/\/www.flickr.com\/photos\/cafesorus\/\"]}]}<\/script>\n<!-- \/ Yoast SEO plugin. -->","yoast_head_json":{"title":"Edulcorante Caf\u00e9s Or\u00fas","robots":{"index":"index","follow":"follow","max-snippet":"max-snippet:-1","max-image-preview":"max-image-preview:large","max-video-preview":"max-video-preview:-1"},"canonical":"https:\/\/cafesorus.es\/tienda\/producto\/edulcorante\/","og_locale":"es_ES","og_type":"article","og_title":"Edulcorante Caf\u00e9s Or\u00fas","og_description":"Cada caja contiene 50 dosis de edulcorante.  Nuestro edulcorante es totalmente inocuo, no alterando el sabor de la bebida.  No contiene gluten, por lo que es apto para cel\u00edacos, al estar exento de aspartano y glutamato.    &nbsp;  &nbsp;","og_url":"https:\/\/cafesorus.es\/tienda\/producto\/edulcorante\/","og_site_name":"Comprar caf\u00e9 online - Tienda online de Caf\u00e9s Or\u00fas -","article_publisher":"https:\/\/www.facebook.com\/cafesorusaragon","article_modified_time":"2025-02-27T12:26:32+00:00","og_image":[{"width":1024,"height":1024,"url":"https:\/\/cafesorus.es\/tienda\/wp-content\/uploads\/2016\/11\/Edulcorante-1024x1024.png","type":"image\/png"}],"twitter_card":"summary_large_image","twitter_site":"@CafesOrus","schema":{"@context":"https:\/\/schema.org","@graph":[{"@type":"WebPage","@id":"https:\/\/cafesorus.es\/tienda\/producto\/edulcorante\/","url":"https:\/\/cafesorus.es\/tienda\/producto\/edulcorante\/","name":"Edulcorante Caf\u00e9s Or\u00fas","isPartOf":{"@id":"https:\/\/cafesorus.es\/tienda\/#website"},"primaryImageOfPage":{"@id":"https:\/\/cafesorus.es\/tienda\/producto\/edulcorante\/#primaryimage"},"image":{"@id":"https:\/\/cafesorus.es\/tienda\/producto\/edulcorante\/#primaryimage"},"thumbnailUrl":"https:\/\/cafesorus.es\/tienda\/wp-content\/uploads\/2016\/11\/Edulcorante.png","datePublished":"2016-11-21T15:37:03+00:00","dateModified":"2025-02-27T12:26:32+00:00","breadcrumb":{"@id":"https:\/\/cafesorus.es\/tienda\/producto\/edulcorante\/#breadcrumb"},"inLanguage":"es","potentialAction":[{"@type":"ReadAction","target":["https:\/\/cafesorus.es\/tienda\/producto\/edulcorante\/"]}]},{"@type":"ImageObject","inLanguage":"es","@id":"https:\/\/cafesorus.es\/tienda\/producto\/edulcorante\/#primaryimage","url":"https:\/\/cafesorus.es\/tienda\/wp-content\/uploads\/2016\/11\/Edulcorante.png","contentUrl":"https:\/\/cafesorus.es\/tienda\/wp-content\/uploads\/2016\/11\/Edulcorante.png","width":2000,"height":2000},{"@type":"BreadcrumbList","@id":"https:\/\/cafesorus.es\/tienda\/producto\/edulcorante\/#breadcrumb","itemListElement":[{"@type":"ListItem","position":1,"name":"Portada","item":"https:\/\/cafesorus.es\/tienda\/"},{"@type":"ListItem","position":2,"name":"Comprar Caf\u00e9 Online &#8211; Caf\u00e9s Or\u00fas","item":"https:\/\/cafesorus.es\/tienda\/"},{"@type":"ListItem","position":3,"name":"Edulcorante Caf\u00e9s Or\u00fas"}]},{"@type":"WebSite","@id":"https:\/\/cafesorus.es\/tienda\/#website","url":"https:\/\/cafesorus.es\/tienda\/","name":"Comprar caf\u00e9 online - Tienda online de Caf\u00e9s Or\u00fas","description":"El sabor de tu vida","publisher":{"@id":"https:\/\/cafesorus.es\/tienda\/#organization"},"potentialAction":[{"@type":"SearchAction","target":{"@type":"EntryPoint","urlTemplate":"https:\/\/cafesorus.es\/tienda\/?s={search_term_string}"},"query-input":{"@type":"PropertyValueSpecification","valueRequired":true,"valueName":"search_term_string"}}],"inLanguage":"es"},{"@type":"Organization","@id":"https:\/\/cafesorus.es\/tienda\/#organization","name":"Caf\u00e9s Or\u00fas","url":"https:\/\/cafesorus.es\/tienda\/","logo":{"@type":"ImageObject","inLanguage":"es","@id":"https:\/\/cafesorus.es\/tienda\/#\/schema\/logo\/image\/","url":"https:\/\/cafesorus.es\/tienda\/wp-content\/uploads\/2023\/01\/Branding_1_HD-e1672845351612.png","contentUrl":"https:\/\/cafesorus.es\/tienda\/wp-content\/uploads\/2023\/01\/Branding_1_HD-e1672845351612.png","width":150,"height":96,"caption":"Caf\u00e9s Or\u00fas"},"image":{"@id":"https:\/\/cafesorus.es\/tienda\/#\/schema\/logo\/image\/"},"sameAs":["https:\/\/www.facebook.com\/cafesorusaragon","https:\/\/x.com\/CafesOrus","https:\/\/www.instagram.com\/cafesorus\/","https:\/\/www.youtube.com\/user\/cafesorus","https:\/\/www.flickr.com\/photos\/cafesorus\/"]}]}},"_links":{"self":[{"href":"https:\/\/cafesorus.es\/tienda\/wp-json\/wp\/v2\/product\/18458","targetHints":{"allow":["GET"]}}],"collection":[{"href":"https:\/\/cafesorus.es\/tienda\/wp-json\/wp\/v2\/product"}],"about":[{"href":"https:\/\/cafesorus.es\/tienda\/wp-json\/wp\/v2\/types\/product"}],"replies":[{"embeddable":true,"href":"https:\/\/cafesorus.es\/tienda\/wp-json\/wp\/v2\/comments?post=18458"}],"wp:featuredmedia":[{"embeddable":true,"href":"https:\/\/cafesorus.es\/tienda\/wp-json\/wp\/v2\/media\/20317"}],"wp:attachment":[{"href":"https:\/\/cafesorus.es\/tienda\/wp-json\/wp\/v2\/media?parent=18458"}],"wp:term":[{"taxonomy":"product_brand","embeddable":true,"href":"https:\/\/cafesorus.es\/tienda\/wp-json\/wp\/v2\/product_brand?post=18458"},{"taxonomy":"product_cat","embeddable":true,"href":"https:\/\/cafesorus.es\/tienda\/wp-json\/wp\/v2\/product_cat?post=18458"},{"taxonomy":"product_tag","embeddable":true,"href":"https:\/\/cafesorus.es\/tienda\/wp-json\/wp\/v2\/product_tag?post=18458"}],"curies":[{"name":"wp","href":"https:\/\/api.w.org\/{rel}","templated":true}]}}