{"id":19051,"date":"2021-04-12T09:41:22","date_gmt":"2021-04-12T08:41:22","guid":{"rendered":"https:\/\/cafesorus.es\/tienda\/?post_type=product&#038;p=19051"},"modified":"2025-02-03T13:01:39","modified_gmt":"2025-02-03T12:01:39","slug":"cafe-molido-express","status":"publish","type":"product","link":"https:\/\/cafesorus.es\/tienda\/producto\/cafe-molido-express\/","title":{"rendered":"Caf\u00e9 Molido Express 250 gramos"},"content":{"rendered":"","protected":false},"excerpt":{"rendered":"<ul class=\"a-unordered-list a-vertical a-spacing-mini\">\n<li><span class=\"a-list-item\">Caf\u00e9 molido Mezcla Express.<\/span><\/li>\n<li><span class=\"a-list-item\">Estuche de 250 gramos.<\/span><\/li>\n<li><span class=\"a-list-item\">Caf\u00e9 con cuerpo e intenso aroma y sabor.<\/span><\/li>\n<li><span class=\"a-list-item\">Perfecto para cafetera italiana, filtro, expresso o \u00e9mbolo.<\/span><\/li>\n<li><span class=\"a-list-item\">Mezcla de tueste natural 50% y torrefacto 50%.<\/span><\/li>\n<li><span class=\"a-list-item\">Ingredientes: caf\u00e9 molido y az\u00facar.<\/span><\/li>\n<\/ul>\n","protected":false},"featured_media":19125,"comment_status":"open","ping_status":"closed","template":"","meta":[],"product_brand":[],"product_cat":[75,76],"product_tag":[135,136,105,137,138,107],"class_list":{"0":"post-19051","1":"product","2":"type-product","3":"status-publish","4":"has-post-thumbnail","6":"product_cat-cafe","7":"product_cat-molido","8":"product_tag-cafe-express","9":"product_tag-cafe-intenso","10":"product_tag-cafe-molido","11":"product_tag-cafetera-de-embolo","12":"product_tag-cafetera-expresso","13":"product_tag-cafetera-italiana","15":"first","16":"instock","17":"taxable","18":"shipping-taxable","19":"purchasable","20":"product-type-simple"},"yoast_head":"<!-- This site is optimized with the Yoast SEO plugin v26.0 - https:\/\/yoast.com\/wordpress\/plugins\/seo\/ -->\n<title>Caf\u00e9 Molido Express 250 gramos - Comprar caf\u00e9 online - Tienda online de Caf\u00e9s Or\u00fas -<\/title>\n<meta name=\"robots\" content=\"index, follow, max-snippet:-1, max-image-preview:large, max-video-preview:-1\" \/>\n<link rel=\"canonical\" href=\"https:\/\/cafesorus.es\/tienda\/producto\/cafe-molido-express\/\" \/>\n<meta property=\"og:locale\" content=\"es_ES\" \/>\n<meta property=\"og:type\" content=\"article\" \/>\n<meta property=\"og:title\" content=\"Caf\u00e9 Molido Express 250 gramos - Comprar caf\u00e9 online - Tienda online de Caf\u00e9s Or\u00fas -\" \/>\n<meta property=\"og:description\" content=\"Caf\u00e9 molido Mezcla Express.  Estuche de 250 gramos.  Caf\u00e9 con cuerpo e intenso aroma y sabor.  Perfecto para cafetera italiana, filtro, expresso o \u00e9mbolo.  Mezcla de tueste natural 50% y torrefacto 50%.  Ingredientes: caf\u00e9 molido y az\u00facar.\" \/>\n<meta property=\"og:url\" content=\"https:\/\/cafesorus.es\/tienda\/producto\/cafe-molido-express\/\" \/>\n<meta property=\"og:site_name\" content=\"Comprar caf\u00e9 online - Tienda online de Caf\u00e9s Or\u00fas -\" \/>\n<meta property=\"article:publisher\" content=\"https:\/\/www.facebook.com\/cafesorusaragon\" \/>\n<meta property=\"article:modified_time\" content=\"2025-02-03T12:01:39+00:00\" \/>\n<meta property=\"og:image\" content=\"https:\/\/cafesorus.es\/tienda\/wp-content\/uploads\/2021\/04\/cafe-molido-express-1.png\" \/>\n\t<meta property=\"og:image:width\" content=\"500\" \/>\n\t<meta property=\"og:image:height\" content=\"500\" \/>\n\t<meta property=\"og:image:type\" content=\"image\/png\" \/>\n<meta name=\"twitter:card\" content=\"summary_large_image\" \/>\n<meta name=\"twitter:site\" content=\"@CafesOrus\" \/>\n<script type=\"application\/ld+json\" class=\"yoast-schema-graph\">{\"@context\":\"https:\/\/schema.org\",\"@graph\":[{\"@type\":\"WebPage\",\"@id\":\"https:\/\/cafesorus.es\/tienda\/producto\/cafe-molido-express\/\",\"url\":\"https:\/\/cafesorus.es\/tienda\/producto\/cafe-molido-express\/\",\"name\":\"Caf\u00e9 Molido Express 250 gramos - Comprar caf\u00e9 online - Tienda online de Caf\u00e9s Or\u00fas -\",\"isPartOf\":{\"@id\":\"https:\/\/cafesorus.es\/tienda\/#website\"},\"primaryImageOfPage\":{\"@id\":\"https:\/\/cafesorus.es\/tienda\/producto\/cafe-molido-express\/#primaryimage\"},\"image\":{\"@id\":\"https:\/\/cafesorus.es\/tienda\/producto\/cafe-molido-express\/#primaryimage\"},\"thumbnailUrl\":\"https:\/\/cafesorus.es\/tienda\/wp-content\/uploads\/2021\/04\/cafe-molido-express-1.png\",\"datePublished\":\"2021-04-12T08:41:22+00:00\",\"dateModified\":\"2025-02-03T12:01:39+00:00\",\"breadcrumb\":{\"@id\":\"https:\/\/cafesorus.es\/tienda\/producto\/cafe-molido-express\/#breadcrumb\"},\"inLanguage\":\"es\",\"potentialAction\":[{\"@type\":\"ReadAction\",\"target\":[\"https:\/\/cafesorus.es\/tienda\/producto\/cafe-molido-express\/\"]}]},{\"@type\":\"ImageObject\",\"inLanguage\":\"es\",\"@id\":\"https:\/\/cafesorus.es\/tienda\/producto\/cafe-molido-express\/#primaryimage\",\"url\":\"https:\/\/cafesorus.es\/tienda\/wp-content\/uploads\/2021\/04\/cafe-molido-express-1.png\",\"contentUrl\":\"https:\/\/cafesorus.es\/tienda\/wp-content\/uploads\/2021\/04\/cafe-molido-express-1.png\",\"width\":500,\"height\":500},{\"@type\":\"BreadcrumbList\",\"@id\":\"https:\/\/cafesorus.es\/tienda\/producto\/cafe-molido-express\/#breadcrumb\",\"itemListElement\":[{\"@type\":\"ListItem\",\"position\":1,\"name\":\"Portada\",\"item\":\"https:\/\/cafesorus.es\/tienda\/\"},{\"@type\":\"ListItem\",\"position\":2,\"name\":\"Comprar Caf\u00e9 Online &#8211; Caf\u00e9s Or\u00fas\",\"item\":\"https:\/\/cafesorus.es\/tienda\/\"},{\"@type\":\"ListItem\",\"position\":3,\"name\":\"Caf\u00e9 Molido Express 250 gramos\"}]},{\"@type\":\"WebSite\",\"@id\":\"https:\/\/cafesorus.es\/tienda\/#website\",\"url\":\"https:\/\/cafesorus.es\/tienda\/\",\"name\":\"Comprar caf\u00e9 online - Tienda online de Caf\u00e9s Or\u00fas\",\"description\":\"El sabor de tu vida\",\"publisher\":{\"@id\":\"https:\/\/cafesorus.es\/tienda\/#organization\"},\"potentialAction\":[{\"@type\":\"SearchAction\",\"target\":{\"@type\":\"EntryPoint\",\"urlTemplate\":\"https:\/\/cafesorus.es\/tienda\/?s={search_term_string}\"},\"query-input\":{\"@type\":\"PropertyValueSpecification\",\"valueRequired\":true,\"valueName\":\"search_term_string\"}}],\"inLanguage\":\"es\"},{\"@type\":\"Organization\",\"@id\":\"https:\/\/cafesorus.es\/tienda\/#organization\",\"name\":\"Caf\u00e9s Or\u00fas\",\"url\":\"https:\/\/cafesorus.es\/tienda\/\",\"logo\":{\"@type\":\"ImageObject\",\"inLanguage\":\"es\",\"@id\":\"https:\/\/cafesorus.es\/tienda\/#\/schema\/logo\/image\/\",\"url\":\"https:\/\/cafesorus.es\/tienda\/wp-content\/uploads\/2023\/01\/Branding_1_HD-e1672845351612.png\",\"contentUrl\":\"https:\/\/cafesorus.es\/tienda\/wp-content\/uploads\/2023\/01\/Branding_1_HD-e1672845351612.png\",\"width\":150,\"height\":96,\"caption\":\"Caf\u00e9s Or\u00fas\"},\"image\":{\"@id\":\"https:\/\/cafesorus.es\/tienda\/#\/schema\/logo\/image\/\"},\"sameAs\":[\"https:\/\/www.facebook.com\/cafesorusaragon\",\"https:\/\/x.com\/CafesOrus\",\"https:\/\/www.instagram.com\/cafesorus\/\",\"https:\/\/www.youtube.com\/user\/cafesorus\",\"https:\/\/www.flickr.com\/photos\/cafesorus\/\"]}]}<\/script>\n<!-- \/ Yoast SEO plugin. -->","yoast_head_json":{"title":"Caf\u00e9 Molido Express 250 gramos - Comprar caf\u00e9 online - Tienda online de Caf\u00e9s Or\u00fas -","robots":{"index":"index","follow":"follow","max-snippet":"max-snippet:-1","max-image-preview":"max-image-preview:large","max-video-preview":"max-video-preview:-1"},"canonical":"https:\/\/cafesorus.es\/tienda\/producto\/cafe-molido-express\/","og_locale":"es_ES","og_type":"article","og_title":"Caf\u00e9 Molido Express 250 gramos - Comprar caf\u00e9 online - Tienda online de Caf\u00e9s Or\u00fas -","og_description":"Caf\u00e9 molido Mezcla Express.  Estuche de 250 gramos.  Caf\u00e9 con cuerpo e intenso aroma y sabor.  Perfecto para cafetera italiana, filtro, expresso o \u00e9mbolo.  Mezcla de tueste natural 50% y torrefacto 50%.  Ingredientes: caf\u00e9 molido y az\u00facar.","og_url":"https:\/\/cafesorus.es\/tienda\/producto\/cafe-molido-express\/","og_site_name":"Comprar caf\u00e9 online - Tienda online de Caf\u00e9s Or\u00fas -","article_publisher":"https:\/\/www.facebook.com\/cafesorusaragon","article_modified_time":"2025-02-03T12:01:39+00:00","og_image":[{"width":500,"height":500,"url":"https:\/\/cafesorus.es\/tienda\/wp-content\/uploads\/2021\/04\/cafe-molido-express-1.png","type":"image\/png"}],"twitter_card":"summary_large_image","twitter_site":"@CafesOrus","schema":{"@context":"https:\/\/schema.org","@graph":[{"@type":"WebPage","@id":"https:\/\/cafesorus.es\/tienda\/producto\/cafe-molido-express\/","url":"https:\/\/cafesorus.es\/tienda\/producto\/cafe-molido-express\/","name":"Caf\u00e9 Molido Express 250 gramos - Comprar caf\u00e9 online - Tienda online de Caf\u00e9s Or\u00fas -","isPartOf":{"@id":"https:\/\/cafesorus.es\/tienda\/#website"},"primaryImageOfPage":{"@id":"https:\/\/cafesorus.es\/tienda\/producto\/cafe-molido-express\/#primaryimage"},"image":{"@id":"https:\/\/cafesorus.es\/tienda\/producto\/cafe-molido-express\/#primaryimage"},"thumbnailUrl":"https:\/\/cafesorus.es\/tienda\/wp-content\/uploads\/2021\/04\/cafe-molido-express-1.png","datePublished":"2021-04-12T08:41:22+00:00","dateModified":"2025-02-03T12:01:39+00:00","breadcrumb":{"@id":"https:\/\/cafesorus.es\/tienda\/producto\/cafe-molido-express\/#breadcrumb"},"inLanguage":"es","potentialAction":[{"@type":"ReadAction","target":["https:\/\/cafesorus.es\/tienda\/producto\/cafe-molido-express\/"]}]},{"@type":"ImageObject","inLanguage":"es","@id":"https:\/\/cafesorus.es\/tienda\/producto\/cafe-molido-express\/#primaryimage","url":"https:\/\/cafesorus.es\/tienda\/wp-content\/uploads\/2021\/04\/cafe-molido-express-1.png","contentUrl":"https:\/\/cafesorus.es\/tienda\/wp-content\/uploads\/2021\/04\/cafe-molido-express-1.png","width":500,"height":500},{"@type":"BreadcrumbList","@id":"https:\/\/cafesorus.es\/tienda\/producto\/cafe-molido-express\/#breadcrumb","itemListElement":[{"@type":"ListItem","position":1,"name":"Portada","item":"https:\/\/cafesorus.es\/tienda\/"},{"@type":"ListItem","position":2,"name":"Comprar Caf\u00e9 Online &#8211; Caf\u00e9s Or\u00fas","item":"https:\/\/cafesorus.es\/tienda\/"},{"@type":"ListItem","position":3,"name":"Caf\u00e9 Molido Express 250 gramos"}]},{"@type":"WebSite","@id":"https:\/\/cafesorus.es\/tienda\/#website","url":"https:\/\/cafesorus.es\/tienda\/","name":"Comprar caf\u00e9 online - Tienda online de Caf\u00e9s Or\u00fas","description":"El sabor de tu vida","publisher":{"@id":"https:\/\/cafesorus.es\/tienda\/#organization"},"potentialAction":[{"@type":"SearchAction","target":{"@type":"EntryPoint","urlTemplate":"https:\/\/cafesorus.es\/tienda\/?s={search_term_string}"},"query-input":{"@type":"PropertyValueSpecification","valueRequired":true,"valueName":"search_term_string"}}],"inLanguage":"es"},{"@type":"Organization","@id":"https:\/\/cafesorus.es\/tienda\/#organization","name":"Caf\u00e9s Or\u00fas","url":"https:\/\/cafesorus.es\/tienda\/","logo":{"@type":"ImageObject","inLanguage":"es","@id":"https:\/\/cafesorus.es\/tienda\/#\/schema\/logo\/image\/","url":"https:\/\/cafesorus.es\/tienda\/wp-content\/uploads\/2023\/01\/Branding_1_HD-e1672845351612.png","contentUrl":"https:\/\/cafesorus.es\/tienda\/wp-content\/uploads\/2023\/01\/Branding_1_HD-e1672845351612.png","width":150,"height":96,"caption":"Caf\u00e9s Or\u00fas"},"image":{"@id":"https:\/\/cafesorus.es\/tienda\/#\/schema\/logo\/image\/"},"sameAs":["https:\/\/www.facebook.com\/cafesorusaragon","https:\/\/x.com\/CafesOrus","https:\/\/www.instagram.com\/cafesorus\/","https:\/\/www.youtube.com\/user\/cafesorus","https:\/\/www.flickr.com\/photos\/cafesorus\/"]}]}},"_links":{"self":[{"href":"https:\/\/cafesorus.es\/tienda\/wp-json\/wp\/v2\/product\/19051","targetHints":{"allow":["GET"]}}],"collection":[{"href":"https:\/\/cafesorus.es\/tienda\/wp-json\/wp\/v2\/product"}],"about":[{"href":"https:\/\/cafesorus.es\/tienda\/wp-json\/wp\/v2\/types\/product"}],"replies":[{"embeddable":true,"href":"https:\/\/cafesorus.es\/tienda\/wp-json\/wp\/v2\/comments?post=19051"}],"wp:featuredmedia":[{"embeddable":true,"href":"https:\/\/cafesorus.es\/tienda\/wp-json\/wp\/v2\/media\/19125"}],"wp:attachment":[{"href":"https:\/\/cafesorus.es\/tienda\/wp-json\/wp\/v2\/media?parent=19051"}],"wp:term":[{"taxonomy":"product_brand","embeddable":true,"href":"https:\/\/cafesorus.es\/tienda\/wp-json\/wp\/v2\/product_brand?post=19051"},{"taxonomy":"product_cat","embeddable":true,"href":"https:\/\/cafesorus.es\/tienda\/wp-json\/wp\/v2\/product_cat?post=19051"},{"taxonomy":"product_tag","embeddable":true,"href":"https:\/\/cafesorus.es\/tienda\/wp-json\/wp\/v2\/product_tag?post=19051"}],"curies":[{"name":"wp","href":"https:\/\/api.w.org\/{rel}","templated":true}]}}