{"id":19765,"date":"2023-08-08T12:59:46","date_gmt":"2023-08-08T11:59:46","guid":{"rendered":"https:\/\/cafesorus.es\/tienda\/?post_type=product&#038;p=19765"},"modified":"2024-04-01T09:04:25","modified_gmt":"2024-04-01T08:04:25","slug":"cafe-grano-colombianarino","status":"publish","type":"product","link":"https:\/\/cafesorus.es\/tienda\/producto\/cafe-grano-colombianarino\/","title":{"rendered":"Caf\u00e9 Origen Colombia Nari\u00f1o \u00abEl Tambo\u00bb \u2013 250 gr"},"content":{"rendered":"","protected":false},"excerpt":{"rendered":"<div class=\"page\" title=\"Page 10\">\n<div class=\"section\">\n<div class=\"layoutArea\">\n<div class=\"column\">\n<p><strong>Cafe\u0301 Colombia Narin\u0303o \u201cEl Tambo\u201d &#8211; Ara\u0301bica Lavado<\/strong><\/p>\n<ul>\n<li>Altitud de cultivo: 2.200 metros de altura.<\/li>\n<li>Aroma: Pleno y equilibrado.<\/li>\n<li>Sabor: Herbal, balanceado y nuez.<\/li>\n<li>Cuerpo: Medio.<\/li>\n<\/ul>\n<blockquote><p>\u201cEl cafe\u0301 de Colombia Narin\u0303o \u201cEl Tambo\u201d es considerado uno de los mejores cafe\u0301s del mundo y tan solo se producen 250 sacos al an\u0303o. Su nombre se debe a que es cultivado en el municipio de Tambo (en la regio\u0301n de Cauca) en el corazo\u0301n de los Andes Colombianos y cultivado a 2.200 m de altura\u201d.<\/p><\/blockquote>\n<\/div>\n<\/div>\n<\/div>\n<\/div>\n","protected":false},"featured_media":19767,"comment_status":"open","ping_status":"closed","template":"","meta":[],"product_brand":[],"product_cat":[182,100],"product_tag":[181,145,177,108],"class_list":{"0":"post-19765","1":"product","2":"type-product","3":"status-publish","4":"has-post-thumbnail","6":"product_cat-coleccion-origenes","7":"product_cat-en-grano","8":"product_tag-cafe-colombia-narino-el-tambo","9":"product_tag-cafe-en-grano","10":"product_tag-cafe-filtro","11":"product_tag-cafetera-express","13":"first","14":"outofstock","15":"taxable","16":"shipping-taxable","17":"purchasable","18":"product-type-variable"},"yoast_head":"<!-- This site is optimized with the Yoast SEO plugin v26.0 - https:\/\/yoast.com\/wordpress\/plugins\/seo\/ -->\n<title>Caf\u00e9 en grano \u2013 Origen Colombia Nari\u00f1o &quot;El Tambo&quot; \u2013 250 gr<\/title>\n<meta name=\"description\" content=\"El cafe\u0301 de Colombia Narin\u0303o \u201cEl Tambo\u201d es considerado uno de los mejores cafe\u0301s del mundo y tan solo se producen 250 sacos al an\u0303o...\" \/>\n<meta name=\"robots\" content=\"index, follow, max-snippet:-1, max-image-preview:large, max-video-preview:-1\" \/>\n<link rel=\"canonical\" href=\"https:\/\/cafesorus.es\/tienda\/producto\/cafe-grano-colombianarino\/\" \/>\n<meta property=\"og:locale\" content=\"es_ES\" \/>\n<meta property=\"og:type\" content=\"article\" \/>\n<meta property=\"og:title\" content=\"Caf\u00e9 en grano \u2013 Origen Colombia Nari\u00f1o &quot;El Tambo&quot; \u2013 250 gr\" \/>\n<meta property=\"og:description\" content=\"El cafe\u0301 de Colombia Narin\u0303o \u201cEl Tambo\u201d es considerado uno de los mejores cafe\u0301s del mundo y tan solo se producen 250 sacos al an\u0303o...\" \/>\n<meta property=\"og:url\" content=\"https:\/\/cafesorus.es\/tienda\/producto\/cafe-grano-colombianarino\/\" \/>\n<meta property=\"og:site_name\" content=\"Comprar caf\u00e9 online - Tienda online de Caf\u00e9s Or\u00fas -\" \/>\n<meta property=\"article:publisher\" content=\"https:\/\/www.facebook.com\/cafesorusaragon\" \/>\n<meta property=\"article:modified_time\" content=\"2024-04-01T08:04:25+00:00\" \/>\n<meta property=\"og:image\" content=\"https:\/\/cafesorus.es\/tienda\/wp-content\/uploads\/2023\/08\/grano-colombia-narino.png\" \/>\n\t<meta property=\"og:image:width\" content=\"500\" \/>\n\t<meta property=\"og:image:height\" content=\"500\" \/>\n\t<meta property=\"og:image:type\" content=\"image\/png\" \/>\n<meta name=\"twitter:card\" content=\"summary_large_image\" \/>\n<meta name=\"twitter:site\" content=\"@CafesOrus\" \/>\n<script type=\"application\/ld+json\" class=\"yoast-schema-graph\">{\"@context\":\"https:\/\/schema.org\",\"@graph\":[{\"@type\":\"WebPage\",\"@id\":\"https:\/\/cafesorus.es\/tienda\/producto\/cafe-grano-colombianarino\/\",\"url\":\"https:\/\/cafesorus.es\/tienda\/producto\/cafe-grano-colombianarino\/\",\"name\":\"Caf\u00e9 en grano \u2013 Origen Colombia Nari\u00f1o \\\"El Tambo\\\" \u2013 250 gr\",\"isPartOf\":{\"@id\":\"https:\/\/cafesorus.es\/tienda\/#website\"},\"primaryImageOfPage\":{\"@id\":\"https:\/\/cafesorus.es\/tienda\/producto\/cafe-grano-colombianarino\/#primaryimage\"},\"image\":{\"@id\":\"https:\/\/cafesorus.es\/tienda\/producto\/cafe-grano-colombianarino\/#primaryimage\"},\"thumbnailUrl\":\"https:\/\/cafesorus.es\/tienda\/wp-content\/uploads\/2023\/08\/grano-colombia-narino.png\",\"datePublished\":\"2023-08-08T11:59:46+00:00\",\"dateModified\":\"2024-04-01T08:04:25+00:00\",\"description\":\"El cafe\u0301 de Colombia Narin\u0303o \u201cEl Tambo\u201d es considerado uno de los mejores cafe\u0301s del mundo y tan solo se producen 250 sacos al an\u0303o...\",\"breadcrumb\":{\"@id\":\"https:\/\/cafesorus.es\/tienda\/producto\/cafe-grano-colombianarino\/#breadcrumb\"},\"inLanguage\":\"es\",\"potentialAction\":[{\"@type\":\"ReadAction\",\"target\":[\"https:\/\/cafesorus.es\/tienda\/producto\/cafe-grano-colombianarino\/\"]}]},{\"@type\":\"ImageObject\",\"inLanguage\":\"es\",\"@id\":\"https:\/\/cafesorus.es\/tienda\/producto\/cafe-grano-colombianarino\/#primaryimage\",\"url\":\"https:\/\/cafesorus.es\/tienda\/wp-content\/uploads\/2023\/08\/grano-colombia-narino.png\",\"contentUrl\":\"https:\/\/cafesorus.es\/tienda\/wp-content\/uploads\/2023\/08\/grano-colombia-narino.png\",\"width\":500,\"height\":500},{\"@type\":\"BreadcrumbList\",\"@id\":\"https:\/\/cafesorus.es\/tienda\/producto\/cafe-grano-colombianarino\/#breadcrumb\",\"itemListElement\":[{\"@type\":\"ListItem\",\"position\":1,\"name\":\"Portada\",\"item\":\"https:\/\/cafesorus.es\/tienda\/\"},{\"@type\":\"ListItem\",\"position\":2,\"name\":\"Comprar Caf\u00e9 Online &#8211; Caf\u00e9s Or\u00fas\",\"item\":\"https:\/\/cafesorus.es\/tienda\/\"},{\"@type\":\"ListItem\",\"position\":3,\"name\":\"Caf\u00e9 Origen Colombia Nari\u00f1o &#8220;El Tambo&#8221; \u2013 250 gr\"}]},{\"@type\":\"WebSite\",\"@id\":\"https:\/\/cafesorus.es\/tienda\/#website\",\"url\":\"https:\/\/cafesorus.es\/tienda\/\",\"name\":\"Comprar caf\u00e9 online - Tienda online de Caf\u00e9s Or\u00fas\",\"description\":\"El sabor de tu vida\",\"publisher\":{\"@id\":\"https:\/\/cafesorus.es\/tienda\/#organization\"},\"potentialAction\":[{\"@type\":\"SearchAction\",\"target\":{\"@type\":\"EntryPoint\",\"urlTemplate\":\"https:\/\/cafesorus.es\/tienda\/?s={search_term_string}\"},\"query-input\":{\"@type\":\"PropertyValueSpecification\",\"valueRequired\":true,\"valueName\":\"search_term_string\"}}],\"inLanguage\":\"es\"},{\"@type\":\"Organization\",\"@id\":\"https:\/\/cafesorus.es\/tienda\/#organization\",\"name\":\"Caf\u00e9s Or\u00fas\",\"url\":\"https:\/\/cafesorus.es\/tienda\/\",\"logo\":{\"@type\":\"ImageObject\",\"inLanguage\":\"es\",\"@id\":\"https:\/\/cafesorus.es\/tienda\/#\/schema\/logo\/image\/\",\"url\":\"https:\/\/cafesorus.es\/tienda\/wp-content\/uploads\/2023\/01\/Branding_1_HD-e1672845351612.png\",\"contentUrl\":\"https:\/\/cafesorus.es\/tienda\/wp-content\/uploads\/2023\/01\/Branding_1_HD-e1672845351612.png\",\"width\":150,\"height\":96,\"caption\":\"Caf\u00e9s Or\u00fas\"},\"image\":{\"@id\":\"https:\/\/cafesorus.es\/tienda\/#\/schema\/logo\/image\/\"},\"sameAs\":[\"https:\/\/www.facebook.com\/cafesorusaragon\",\"https:\/\/x.com\/CafesOrus\",\"https:\/\/www.instagram.com\/cafesorus\/\",\"https:\/\/www.youtube.com\/user\/cafesorus\",\"https:\/\/www.flickr.com\/photos\/cafesorus\/\"]}]}<\/script>\n<!-- \/ Yoast SEO plugin. -->","yoast_head_json":{"title":"Caf\u00e9 en grano \u2013 Origen Colombia Nari\u00f1o \"El Tambo\" \u2013 250 gr","description":"El cafe\u0301 de Colombia Narin\u0303o \u201cEl Tambo\u201d es considerado uno de los mejores cafe\u0301s del mundo y tan solo se producen 250 sacos al an\u0303o...","robots":{"index":"index","follow":"follow","max-snippet":"max-snippet:-1","max-image-preview":"max-image-preview:large","max-video-preview":"max-video-preview:-1"},"canonical":"https:\/\/cafesorus.es\/tienda\/producto\/cafe-grano-colombianarino\/","og_locale":"es_ES","og_type":"article","og_title":"Caf\u00e9 en grano \u2013 Origen Colombia Nari\u00f1o \"El Tambo\" \u2013 250 gr","og_description":"El cafe\u0301 de Colombia Narin\u0303o \u201cEl Tambo\u201d es considerado uno de los mejores cafe\u0301s del mundo y tan solo se producen 250 sacos al an\u0303o...","og_url":"https:\/\/cafesorus.es\/tienda\/producto\/cafe-grano-colombianarino\/","og_site_name":"Comprar caf\u00e9 online - Tienda online de Caf\u00e9s Or\u00fas -","article_publisher":"https:\/\/www.facebook.com\/cafesorusaragon","article_modified_time":"2024-04-01T08:04:25+00:00","og_image":[{"width":500,"height":500,"url":"https:\/\/cafesorus.es\/tienda\/wp-content\/uploads\/2023\/08\/grano-colombia-narino.png","type":"image\/png"}],"twitter_card":"summary_large_image","twitter_site":"@CafesOrus","schema":{"@context":"https:\/\/schema.org","@graph":[{"@type":"WebPage","@id":"https:\/\/cafesorus.es\/tienda\/producto\/cafe-grano-colombianarino\/","url":"https:\/\/cafesorus.es\/tienda\/producto\/cafe-grano-colombianarino\/","name":"Caf\u00e9 en grano \u2013 Origen Colombia Nari\u00f1o \"El Tambo\" \u2013 250 gr","isPartOf":{"@id":"https:\/\/cafesorus.es\/tienda\/#website"},"primaryImageOfPage":{"@id":"https:\/\/cafesorus.es\/tienda\/producto\/cafe-grano-colombianarino\/#primaryimage"},"image":{"@id":"https:\/\/cafesorus.es\/tienda\/producto\/cafe-grano-colombianarino\/#primaryimage"},"thumbnailUrl":"https:\/\/cafesorus.es\/tienda\/wp-content\/uploads\/2023\/08\/grano-colombia-narino.png","datePublished":"2023-08-08T11:59:46+00:00","dateModified":"2024-04-01T08:04:25+00:00","description":"El cafe\u0301 de Colombia Narin\u0303o \u201cEl Tambo\u201d es considerado uno de los mejores cafe\u0301s del mundo y tan solo se producen 250 sacos al an\u0303o...","breadcrumb":{"@id":"https:\/\/cafesorus.es\/tienda\/producto\/cafe-grano-colombianarino\/#breadcrumb"},"inLanguage":"es","potentialAction":[{"@type":"ReadAction","target":["https:\/\/cafesorus.es\/tienda\/producto\/cafe-grano-colombianarino\/"]}]},{"@type":"ImageObject","inLanguage":"es","@id":"https:\/\/cafesorus.es\/tienda\/producto\/cafe-grano-colombianarino\/#primaryimage","url":"https:\/\/cafesorus.es\/tienda\/wp-content\/uploads\/2023\/08\/grano-colombia-narino.png","contentUrl":"https:\/\/cafesorus.es\/tienda\/wp-content\/uploads\/2023\/08\/grano-colombia-narino.png","width":500,"height":500},{"@type":"BreadcrumbList","@id":"https:\/\/cafesorus.es\/tienda\/producto\/cafe-grano-colombianarino\/#breadcrumb","itemListElement":[{"@type":"ListItem","position":1,"name":"Portada","item":"https:\/\/cafesorus.es\/tienda\/"},{"@type":"ListItem","position":2,"name":"Comprar Caf\u00e9 Online &#8211; Caf\u00e9s Or\u00fas","item":"https:\/\/cafesorus.es\/tienda\/"},{"@type":"ListItem","position":3,"name":"Caf\u00e9 Origen Colombia Nari\u00f1o &#8220;El Tambo&#8221; \u2013 250 gr"}]},{"@type":"WebSite","@id":"https:\/\/cafesorus.es\/tienda\/#website","url":"https:\/\/cafesorus.es\/tienda\/","name":"Comprar caf\u00e9 online - Tienda online de Caf\u00e9s Or\u00fas","description":"El sabor de tu vida","publisher":{"@id":"https:\/\/cafesorus.es\/tienda\/#organization"},"potentialAction":[{"@type":"SearchAction","target":{"@type":"EntryPoint","urlTemplate":"https:\/\/cafesorus.es\/tienda\/?s={search_term_string}"},"query-input":{"@type":"PropertyValueSpecification","valueRequired":true,"valueName":"search_term_string"}}],"inLanguage":"es"},{"@type":"Organization","@id":"https:\/\/cafesorus.es\/tienda\/#organization","name":"Caf\u00e9s Or\u00fas","url":"https:\/\/cafesorus.es\/tienda\/","logo":{"@type":"ImageObject","inLanguage":"es","@id":"https:\/\/cafesorus.es\/tienda\/#\/schema\/logo\/image\/","url":"https:\/\/cafesorus.es\/tienda\/wp-content\/uploads\/2023\/01\/Branding_1_HD-e1672845351612.png","contentUrl":"https:\/\/cafesorus.es\/tienda\/wp-content\/uploads\/2023\/01\/Branding_1_HD-e1672845351612.png","width":150,"height":96,"caption":"Caf\u00e9s Or\u00fas"},"image":{"@id":"https:\/\/cafesorus.es\/tienda\/#\/schema\/logo\/image\/"},"sameAs":["https:\/\/www.facebook.com\/cafesorusaragon","https:\/\/x.com\/CafesOrus","https:\/\/www.instagram.com\/cafesorus\/","https:\/\/www.youtube.com\/user\/cafesorus","https:\/\/www.flickr.com\/photos\/cafesorus\/"]}]}},"_links":{"self":[{"href":"https:\/\/cafesorus.es\/tienda\/wp-json\/wp\/v2\/product\/19765","targetHints":{"allow":["GET"]}}],"collection":[{"href":"https:\/\/cafesorus.es\/tienda\/wp-json\/wp\/v2\/product"}],"about":[{"href":"https:\/\/cafesorus.es\/tienda\/wp-json\/wp\/v2\/types\/product"}],"replies":[{"embeddable":true,"href":"https:\/\/cafesorus.es\/tienda\/wp-json\/wp\/v2\/comments?post=19765"}],"wp:featuredmedia":[{"embeddable":true,"href":"https:\/\/cafesorus.es\/tienda\/wp-json\/wp\/v2\/media\/19767"}],"wp:attachment":[{"href":"https:\/\/cafesorus.es\/tienda\/wp-json\/wp\/v2\/media?parent=19765"}],"wp:term":[{"taxonomy":"product_brand","embeddable":true,"href":"https:\/\/cafesorus.es\/tienda\/wp-json\/wp\/v2\/product_brand?post=19765"},{"taxonomy":"product_cat","embeddable":true,"href":"https:\/\/cafesorus.es\/tienda\/wp-json\/wp\/v2\/product_cat?post=19765"},{"taxonomy":"product_tag","embeddable":true,"href":"https:\/\/cafesorus.es\/tienda\/wp-json\/wp\/v2\/product_tag?post=19765"}],"curies":[{"name":"wp","href":"https:\/\/api.w.org\/{rel}","templated":true}]}}