{"id":19897,"date":"2023-08-22T13:23:36","date_gmt":"2023-08-22T12:23:36","guid":{"rendered":"https:\/\/cafesorus.es\/tienda\/?post_type=product&#038;p=19897"},"modified":"2025-02-03T13:13:46","modified_gmt":"2025-02-03T12:13:46","slug":"pack-de-cafe-gourmet","status":"publish","type":"product","link":"https:\/\/cafesorus.es\/tienda\/producto\/pack-de-cafe-gourmet\/","title":{"rendered":"Malet\u00edn de caf\u00e9 \u201cColecci\u00f3n Or\u00edgenes\u201d 100% Ar\u00e1bica &#8211; 6 variedades"},"content":{"rendered":"","protected":false},"excerpt":{"rendered":"<ul class=\"a-unordered-list a-vertical a-spacing-mini\">\n<li>Pack de caf\u00e9 (6 paquetes de 250 gramos cada uno).<\/li>\n<li>El pack incluye: 1 paquete de caf\u00e9 origen Etiop\u00eda, 1 paquete de caf\u00e9 origen Colombia, 1 paquete de caf\u00e9 origen Kenia, 1 paquete de caf\u00e9 origen Tanzania, 1 paquete de caf\u00e9 origen Brasil y 1 paquete de caf\u00e9 origen Nicaragua.<\/li>\n<\/ul>\n<p>Esta colecci\u00f3n surge fruto del cari\u00f1o y el esfuerzo de los maestros tostadores de Caf\u00e9s Or\u00fas, tostando artesanalmente los granos de las mejores cosechas de Brasil, Colombia, Kenia, Nicaragua, Tanzania y Etiop\u00eda para ofrecer una selecci\u00f3n de caf\u00e9s \u00fanica. Los caf\u00e9s gourmet \u201cColecci\u00f3n Or\u00edgenes\u201d se presentan en cinco paquetes diferentes de 250 gramos, tanto en caf\u00e9 en grano como en caf\u00e9 molido, con dise\u00f1os alusivos a cada uno de los pa\u00edses de origen.<\/p>\n","protected":false},"featured_media":19904,"comment_status":"open","ping_status":"closed","template":"","meta":[],"product_brand":[],"product_cat":[182,100,76,102],"product_tag":[167,165,145,168,105,166,178,188],"class_list":{"0":"post-19897","1":"product","2":"type-product","3":"status-publish","4":"has-post-thumbnail","6":"product_cat-coleccion-origenes","7":"product_cat-en-grano","8":"product_cat-molido","9":"product_cat-packs-para-regalo-y-degustacion","10":"product_tag-cafe-brasil","11":"product_tag-cafe-colombia","12":"product_tag-cafe-en-grano","13":"product_tag-cafe-etiopia","14":"product_tag-cafe-molido","15":"product_tag-cafe-nicaragua","16":"product_tag-cafe-tanzania","17":"product_tag-pack-cafe","19":"first","20":"instock","21":"taxable","22":"shipping-taxable","23":"purchasable","24":"product-type-variable"},"yoast_head":"<!-- This site is optimized with the Yoast SEO plugin v26.0 - https:\/\/yoast.com\/wordpress\/plugins\/seo\/ -->\n<title>Pack de caf\u00e9 Gourmet \u201cColecci\u00f3n Or\u00edgenes\u201d<\/title>\n<meta name=\"description\" content=\"El pack incluye: 1 paquete de caf\u00e9 origen Etiop\u00eda, 1 paquete de caf\u00e9 origen Colombia, 1 paquete de caf\u00e9 origen Kenia, 1 paquete de caf\u00e9 origen Tanzania...\" \/>\n<meta name=\"robots\" content=\"index, follow, max-snippet:-1, max-image-preview:large, max-video-preview:-1\" \/>\n<link rel=\"canonical\" href=\"https:\/\/cafesorus.es\/tienda\/producto\/pack-de-cafe-gourmet\/\" \/>\n<meta property=\"og:locale\" content=\"es_ES\" \/>\n<meta property=\"og:type\" content=\"article\" \/>\n<meta property=\"og:title\" content=\"Pack de caf\u00e9 Gourmet \u201cColecci\u00f3n Or\u00edgenes\u201d\" \/>\n<meta property=\"og:description\" content=\"El pack incluye: 1 paquete de caf\u00e9 origen Etiop\u00eda, 1 paquete de caf\u00e9 origen Colombia, 1 paquete de caf\u00e9 origen Kenia, 1 paquete de caf\u00e9 origen Tanzania...\" \/>\n<meta property=\"og:url\" content=\"https:\/\/cafesorus.es\/tienda\/producto\/pack-de-cafe-gourmet\/\" \/>\n<meta property=\"og:site_name\" content=\"Comprar caf\u00e9 online - Tienda online de Caf\u00e9s Or\u00fas -\" \/>\n<meta property=\"article:publisher\" content=\"https:\/\/www.facebook.com\/cafesorusaragon\" \/>\n<meta property=\"article:modified_time\" content=\"2025-02-03T12:13:46+00:00\" \/>\n<meta property=\"og:image\" content=\"https:\/\/cafesorus.es\/tienda\/wp-content\/uploads\/2023\/08\/Ori\u0301genes-facebook.jpg\" \/>\n\t<meta property=\"og:image:width\" content=\"1000\" \/>\n\t<meta property=\"og:image:height\" content=\"1000\" \/>\n\t<meta property=\"og:image:type\" content=\"image\/jpeg\" \/>\n<meta name=\"twitter:card\" content=\"summary_large_image\" \/>\n<meta name=\"twitter:site\" content=\"@CafesOrus\" \/>\n<script type=\"application\/ld+json\" class=\"yoast-schema-graph\">{\"@context\":\"https:\/\/schema.org\",\"@graph\":[{\"@type\":\"WebPage\",\"@id\":\"https:\/\/cafesorus.es\/tienda\/producto\/pack-de-cafe-gourmet\/\",\"url\":\"https:\/\/cafesorus.es\/tienda\/producto\/pack-de-cafe-gourmet\/\",\"name\":\"Pack de caf\u00e9 Gourmet \u201cColecci\u00f3n Or\u00edgenes\u201d\",\"isPartOf\":{\"@id\":\"https:\/\/cafesorus.es\/tienda\/#website\"},\"primaryImageOfPage\":{\"@id\":\"https:\/\/cafesorus.es\/tienda\/producto\/pack-de-cafe-gourmet\/#primaryimage\"},\"image\":{\"@id\":\"https:\/\/cafesorus.es\/tienda\/producto\/pack-de-cafe-gourmet\/#primaryimage\"},\"thumbnailUrl\":\"https:\/\/cafesorus.es\/tienda\/wp-content\/uploads\/2023\/08\/Origenes.png\",\"datePublished\":\"2023-08-22T12:23:36+00:00\",\"dateModified\":\"2025-02-03T12:13:46+00:00\",\"description\":\"El pack incluye: 1 paquete de caf\u00e9 origen Etiop\u00eda, 1 paquete de caf\u00e9 origen Colombia, 1 paquete de caf\u00e9 origen Kenia, 1 paquete de caf\u00e9 origen Tanzania...\",\"breadcrumb\":{\"@id\":\"https:\/\/cafesorus.es\/tienda\/producto\/pack-de-cafe-gourmet\/#breadcrumb\"},\"inLanguage\":\"es\",\"potentialAction\":[{\"@type\":\"ReadAction\",\"target\":[\"https:\/\/cafesorus.es\/tienda\/producto\/pack-de-cafe-gourmet\/\"]}]},{\"@type\":\"ImageObject\",\"inLanguage\":\"es\",\"@id\":\"https:\/\/cafesorus.es\/tienda\/producto\/pack-de-cafe-gourmet\/#primaryimage\",\"url\":\"https:\/\/cafesorus.es\/tienda\/wp-content\/uploads\/2023\/08\/Origenes.png\",\"contentUrl\":\"https:\/\/cafesorus.es\/tienda\/wp-content\/uploads\/2023\/08\/Origenes.png\",\"width\":1000,\"height\":1000},{\"@type\":\"BreadcrumbList\",\"@id\":\"https:\/\/cafesorus.es\/tienda\/producto\/pack-de-cafe-gourmet\/#breadcrumb\",\"itemListElement\":[{\"@type\":\"ListItem\",\"position\":1,\"name\":\"Portada\",\"item\":\"https:\/\/cafesorus.es\/tienda\/\"},{\"@type\":\"ListItem\",\"position\":2,\"name\":\"Comprar Caf\u00e9 Online &#8211; Caf\u00e9s Or\u00fas\",\"item\":\"https:\/\/cafesorus.es\/tienda\/\"},{\"@type\":\"ListItem\",\"position\":3,\"name\":\"Malet\u00edn de caf\u00e9 \u201cColecci\u00f3n Or\u00edgenes\u201d 100% Ar\u00e1bica &#8211; 6 variedades\"}]},{\"@type\":\"WebSite\",\"@id\":\"https:\/\/cafesorus.es\/tienda\/#website\",\"url\":\"https:\/\/cafesorus.es\/tienda\/\",\"name\":\"Comprar caf\u00e9 online - Tienda online de Caf\u00e9s Or\u00fas\",\"description\":\"El sabor de tu vida\",\"publisher\":{\"@id\":\"https:\/\/cafesorus.es\/tienda\/#organization\"},\"potentialAction\":[{\"@type\":\"SearchAction\",\"target\":{\"@type\":\"EntryPoint\",\"urlTemplate\":\"https:\/\/cafesorus.es\/tienda\/?s={search_term_string}\"},\"query-input\":{\"@type\":\"PropertyValueSpecification\",\"valueRequired\":true,\"valueName\":\"search_term_string\"}}],\"inLanguage\":\"es\"},{\"@type\":\"Organization\",\"@id\":\"https:\/\/cafesorus.es\/tienda\/#organization\",\"name\":\"Caf\u00e9s Or\u00fas\",\"url\":\"https:\/\/cafesorus.es\/tienda\/\",\"logo\":{\"@type\":\"ImageObject\",\"inLanguage\":\"es\",\"@id\":\"https:\/\/cafesorus.es\/tienda\/#\/schema\/logo\/image\/\",\"url\":\"https:\/\/cafesorus.es\/tienda\/wp-content\/uploads\/2023\/01\/Branding_1_HD-e1672845351612.png\",\"contentUrl\":\"https:\/\/cafesorus.es\/tienda\/wp-content\/uploads\/2023\/01\/Branding_1_HD-e1672845351612.png\",\"width\":150,\"height\":96,\"caption\":\"Caf\u00e9s Or\u00fas\"},\"image\":{\"@id\":\"https:\/\/cafesorus.es\/tienda\/#\/schema\/logo\/image\/\"},\"sameAs\":[\"https:\/\/www.facebook.com\/cafesorusaragon\",\"https:\/\/x.com\/CafesOrus\",\"https:\/\/www.instagram.com\/cafesorus\/\",\"https:\/\/www.youtube.com\/user\/cafesorus\",\"https:\/\/www.flickr.com\/photos\/cafesorus\/\"]}]}<\/script>\n<!-- \/ Yoast SEO plugin. -->","yoast_head_json":{"title":"Pack de caf\u00e9 Gourmet \u201cColecci\u00f3n Or\u00edgenes\u201d","description":"El pack incluye: 1 paquete de caf\u00e9 origen Etiop\u00eda, 1 paquete de caf\u00e9 origen Colombia, 1 paquete de caf\u00e9 origen Kenia, 1 paquete de caf\u00e9 origen Tanzania...","robots":{"index":"index","follow":"follow","max-snippet":"max-snippet:-1","max-image-preview":"max-image-preview:large","max-video-preview":"max-video-preview:-1"},"canonical":"https:\/\/cafesorus.es\/tienda\/producto\/pack-de-cafe-gourmet\/","og_locale":"es_ES","og_type":"article","og_title":"Pack de caf\u00e9 Gourmet \u201cColecci\u00f3n Or\u00edgenes\u201d","og_description":"El pack incluye: 1 paquete de caf\u00e9 origen Etiop\u00eda, 1 paquete de caf\u00e9 origen Colombia, 1 paquete de caf\u00e9 origen Kenia, 1 paquete de caf\u00e9 origen Tanzania...","og_url":"https:\/\/cafesorus.es\/tienda\/producto\/pack-de-cafe-gourmet\/","og_site_name":"Comprar caf\u00e9 online - Tienda online de Caf\u00e9s Or\u00fas -","article_publisher":"https:\/\/www.facebook.com\/cafesorusaragon","article_modified_time":"2025-02-03T12:13:46+00:00","og_image":[{"width":1000,"height":1000,"url":"https:\/\/cafesorus.es\/tienda\/wp-content\/uploads\/2023\/08\/Ori\u0301genes-facebook.jpg","type":"image\/jpeg"}],"twitter_card":"summary_large_image","twitter_site":"@CafesOrus","schema":{"@context":"https:\/\/schema.org","@graph":[{"@type":"WebPage","@id":"https:\/\/cafesorus.es\/tienda\/producto\/pack-de-cafe-gourmet\/","url":"https:\/\/cafesorus.es\/tienda\/producto\/pack-de-cafe-gourmet\/","name":"Pack de caf\u00e9 Gourmet \u201cColecci\u00f3n Or\u00edgenes\u201d","isPartOf":{"@id":"https:\/\/cafesorus.es\/tienda\/#website"},"primaryImageOfPage":{"@id":"https:\/\/cafesorus.es\/tienda\/producto\/pack-de-cafe-gourmet\/#primaryimage"},"image":{"@id":"https:\/\/cafesorus.es\/tienda\/producto\/pack-de-cafe-gourmet\/#primaryimage"},"thumbnailUrl":"https:\/\/cafesorus.es\/tienda\/wp-content\/uploads\/2023\/08\/Origenes.png","datePublished":"2023-08-22T12:23:36+00:00","dateModified":"2025-02-03T12:13:46+00:00","description":"El pack incluye: 1 paquete de caf\u00e9 origen Etiop\u00eda, 1 paquete de caf\u00e9 origen Colombia, 1 paquete de caf\u00e9 origen Kenia, 1 paquete de caf\u00e9 origen Tanzania...","breadcrumb":{"@id":"https:\/\/cafesorus.es\/tienda\/producto\/pack-de-cafe-gourmet\/#breadcrumb"},"inLanguage":"es","potentialAction":[{"@type":"ReadAction","target":["https:\/\/cafesorus.es\/tienda\/producto\/pack-de-cafe-gourmet\/"]}]},{"@type":"ImageObject","inLanguage":"es","@id":"https:\/\/cafesorus.es\/tienda\/producto\/pack-de-cafe-gourmet\/#primaryimage","url":"https:\/\/cafesorus.es\/tienda\/wp-content\/uploads\/2023\/08\/Origenes.png","contentUrl":"https:\/\/cafesorus.es\/tienda\/wp-content\/uploads\/2023\/08\/Origenes.png","width":1000,"height":1000},{"@type":"BreadcrumbList","@id":"https:\/\/cafesorus.es\/tienda\/producto\/pack-de-cafe-gourmet\/#breadcrumb","itemListElement":[{"@type":"ListItem","position":1,"name":"Portada","item":"https:\/\/cafesorus.es\/tienda\/"},{"@type":"ListItem","position":2,"name":"Comprar Caf\u00e9 Online &#8211; Caf\u00e9s Or\u00fas","item":"https:\/\/cafesorus.es\/tienda\/"},{"@type":"ListItem","position":3,"name":"Malet\u00edn de caf\u00e9 \u201cColecci\u00f3n Or\u00edgenes\u201d 100% Ar\u00e1bica &#8211; 6 variedades"}]},{"@type":"WebSite","@id":"https:\/\/cafesorus.es\/tienda\/#website","url":"https:\/\/cafesorus.es\/tienda\/","name":"Comprar caf\u00e9 online - Tienda online de Caf\u00e9s Or\u00fas","description":"El sabor de tu vida","publisher":{"@id":"https:\/\/cafesorus.es\/tienda\/#organization"},"potentialAction":[{"@type":"SearchAction","target":{"@type":"EntryPoint","urlTemplate":"https:\/\/cafesorus.es\/tienda\/?s={search_term_string}"},"query-input":{"@type":"PropertyValueSpecification","valueRequired":true,"valueName":"search_term_string"}}],"inLanguage":"es"},{"@type":"Organization","@id":"https:\/\/cafesorus.es\/tienda\/#organization","name":"Caf\u00e9s Or\u00fas","url":"https:\/\/cafesorus.es\/tienda\/","logo":{"@type":"ImageObject","inLanguage":"es","@id":"https:\/\/cafesorus.es\/tienda\/#\/schema\/logo\/image\/","url":"https:\/\/cafesorus.es\/tienda\/wp-content\/uploads\/2023\/01\/Branding_1_HD-e1672845351612.png","contentUrl":"https:\/\/cafesorus.es\/tienda\/wp-content\/uploads\/2023\/01\/Branding_1_HD-e1672845351612.png","width":150,"height":96,"caption":"Caf\u00e9s Or\u00fas"},"image":{"@id":"https:\/\/cafesorus.es\/tienda\/#\/schema\/logo\/image\/"},"sameAs":["https:\/\/www.facebook.com\/cafesorusaragon","https:\/\/x.com\/CafesOrus","https:\/\/www.instagram.com\/cafesorus\/","https:\/\/www.youtube.com\/user\/cafesorus","https:\/\/www.flickr.com\/photos\/cafesorus\/"]}]}},"_links":{"self":[{"href":"https:\/\/cafesorus.es\/tienda\/wp-json\/wp\/v2\/product\/19897","targetHints":{"allow":["GET"]}}],"collection":[{"href":"https:\/\/cafesorus.es\/tienda\/wp-json\/wp\/v2\/product"}],"about":[{"href":"https:\/\/cafesorus.es\/tienda\/wp-json\/wp\/v2\/types\/product"}],"replies":[{"embeddable":true,"href":"https:\/\/cafesorus.es\/tienda\/wp-json\/wp\/v2\/comments?post=19897"}],"wp:featuredmedia":[{"embeddable":true,"href":"https:\/\/cafesorus.es\/tienda\/wp-json\/wp\/v2\/media\/19904"}],"wp:attachment":[{"href":"https:\/\/cafesorus.es\/tienda\/wp-json\/wp\/v2\/media?parent=19897"}],"wp:term":[{"taxonomy":"product_brand","embeddable":true,"href":"https:\/\/cafesorus.es\/tienda\/wp-json\/wp\/v2\/product_brand?post=19897"},{"taxonomy":"product_cat","embeddable":true,"href":"https:\/\/cafesorus.es\/tienda\/wp-json\/wp\/v2\/product_cat?post=19897"},{"taxonomy":"product_tag","embeddable":true,"href":"https:\/\/cafesorus.es\/tienda\/wp-json\/wp\/v2\/product_tag?post=19897"}],"curies":[{"name":"wp","href":"https:\/\/api.w.org\/{rel}","templated":true}]}}