{"id":20173,"date":"2024-07-17T08:39:09","date_gmt":"2024-07-17T07:39:09","guid":{"rendered":"https:\/\/cafesorus.es\/tienda\/?post_type=product&#038;p=20173"},"modified":"2025-03-03T13:42:03","modified_gmt":"2025-03-03T12:42:03","slug":"cafe-en-grano-descafeinado-natural-500gr","status":"publish","type":"product","link":"https:\/\/cafesorus.es\/tienda\/producto\/cafe-en-grano-descafeinado-natural-500gr\/","title":{"rendered":"Caf\u00e9 en grano Descafeinado Natural &#8211; 500gr"},"content":{"rendered":"","protected":false},"excerpt":{"rendered":"<p>Fruto de una esmerada combinaci\u00f3n de caf\u00e9s seleccionados de\u00a0entre las mejores plantaciones del mundo. Este\u00a0<strong>caf\u00e9 descafeinado<\/strong>\u00a0al\u00a0que hemos extra\u00eddo la cafe\u00edna por procesos totalmente naturales. Es\u00a0id\u00f3neo para poder disfrutar a cualquier hora del d\u00eda de una taza de\u00a0caf\u00e9 con todo el aroma y sabor del mejor descafeinado.<\/p>\n","protected":false},"featured_media":20174,"comment_status":"open","ping_status":"closed","template":"","meta":[],"product_brand":[],"product_cat":[100],"product_tag":[],"class_list":{"0":"post-20173","1":"product","2":"type-product","3":"status-publish","4":"has-post-thumbnail","6":"product_cat-en-grano","8":"first","9":"instock","10":"taxable","11":"shipping-taxable","12":"purchasable","13":"product-type-simple"},"yoast_head":"<!-- This site is optimized with the Yoast SEO plugin v26.0 - https:\/\/yoast.com\/wordpress\/plugins\/seo\/ -->\n<title>Caf\u00e9 en grano Descafeinado Natural - 500gr<\/title>\n<meta name=\"robots\" content=\"index, follow, max-snippet:-1, max-image-preview:large, max-video-preview:-1\" \/>\n<link rel=\"canonical\" href=\"https:\/\/cafesorus.es\/tienda\/producto\/cafe-en-grano-descafeinado-natural-500gr\/\" \/>\n<meta property=\"og:locale\" content=\"es_ES\" \/>\n<meta property=\"og:type\" content=\"article\" \/>\n<meta property=\"og:title\" content=\"Caf\u00e9 en grano Descafeinado Natural - 500gr\" \/>\n<meta property=\"og:description\" content=\"Fruto de una esmerada combinaci\u00f3n de caf\u00e9s seleccionados de\u00a0entre las mejores plantaciones del mundo. Este\u00a0caf\u00e9 descafeinado\u00a0al\u00a0que hemos extra\u00eddo la cafe\u00edna por procesos totalmente naturales. Es\u00a0id\u00f3neo para poder disfrutar a cualquier hora del d\u00eda de una taza de\u00a0caf\u00e9 con todo el aroma y sabor del mejor descafeinado.\" \/>\n<meta property=\"og:url\" content=\"https:\/\/cafesorus.es\/tienda\/producto\/cafe-en-grano-descafeinado-natural-500gr\/\" \/>\n<meta property=\"og:site_name\" content=\"Comprar caf\u00e9 online - Tienda online de Caf\u00e9s Or\u00fas -\" \/>\n<meta property=\"article:publisher\" content=\"https:\/\/www.facebook.com\/cafesorusaragon\" \/>\n<meta property=\"article:modified_time\" content=\"2025-03-03T12:42:03+00:00\" \/>\n<meta property=\"og:image\" content=\"https:\/\/cafesorus.es\/tienda\/wp-content\/uploads\/2024\/07\/Descafeinado500GR.png\" \/>\n\t<meta property=\"og:image:width\" content=\"500\" \/>\n\t<meta property=\"og:image:height\" content=\"500\" \/>\n\t<meta property=\"og:image:type\" content=\"image\/png\" \/>\n<meta name=\"twitter:card\" content=\"summary_large_image\" \/>\n<meta name=\"twitter:site\" content=\"@CafesOrus\" \/>\n<script type=\"application\/ld+json\" class=\"yoast-schema-graph\">{\"@context\":\"https:\/\/schema.org\",\"@graph\":[{\"@type\":\"WebPage\",\"@id\":\"https:\/\/cafesorus.es\/tienda\/producto\/cafe-en-grano-descafeinado-natural-500gr\/\",\"url\":\"https:\/\/cafesorus.es\/tienda\/producto\/cafe-en-grano-descafeinado-natural-500gr\/\",\"name\":\"Caf\u00e9 en grano Descafeinado Natural - 500gr\",\"isPartOf\":{\"@id\":\"https:\/\/cafesorus.es\/tienda\/#website\"},\"primaryImageOfPage\":{\"@id\":\"https:\/\/cafesorus.es\/tienda\/producto\/cafe-en-grano-descafeinado-natural-500gr\/#primaryimage\"},\"image\":{\"@id\":\"https:\/\/cafesorus.es\/tienda\/producto\/cafe-en-grano-descafeinado-natural-500gr\/#primaryimage\"},\"thumbnailUrl\":\"https:\/\/cafesorus.es\/tienda\/wp-content\/uploads\/2024\/07\/Descafeinado500GR.png\",\"datePublished\":\"2024-07-17T07:39:09+00:00\",\"dateModified\":\"2025-03-03T12:42:03+00:00\",\"breadcrumb\":{\"@id\":\"https:\/\/cafesorus.es\/tienda\/producto\/cafe-en-grano-descafeinado-natural-500gr\/#breadcrumb\"},\"inLanguage\":\"es\",\"potentialAction\":[{\"@type\":\"ReadAction\",\"target\":[\"https:\/\/cafesorus.es\/tienda\/producto\/cafe-en-grano-descafeinado-natural-500gr\/\"]}]},{\"@type\":\"ImageObject\",\"inLanguage\":\"es\",\"@id\":\"https:\/\/cafesorus.es\/tienda\/producto\/cafe-en-grano-descafeinado-natural-500gr\/#primaryimage\",\"url\":\"https:\/\/cafesorus.es\/tienda\/wp-content\/uploads\/2024\/07\/Descafeinado500GR.png\",\"contentUrl\":\"https:\/\/cafesorus.es\/tienda\/wp-content\/uploads\/2024\/07\/Descafeinado500GR.png\",\"width\":500,\"height\":500},{\"@type\":\"BreadcrumbList\",\"@id\":\"https:\/\/cafesorus.es\/tienda\/producto\/cafe-en-grano-descafeinado-natural-500gr\/#breadcrumb\",\"itemListElement\":[{\"@type\":\"ListItem\",\"position\":1,\"name\":\"Portada\",\"item\":\"https:\/\/cafesorus.es\/tienda\/\"},{\"@type\":\"ListItem\",\"position\":2,\"name\":\"Comprar Caf\u00e9 Online &#8211; Caf\u00e9s Or\u00fas\",\"item\":\"https:\/\/cafesorus.es\/tienda\/\"},{\"@type\":\"ListItem\",\"position\":3,\"name\":\"Caf\u00e9 en grano Descafeinado Natural &#8211; 500gr\"}]},{\"@type\":\"WebSite\",\"@id\":\"https:\/\/cafesorus.es\/tienda\/#website\",\"url\":\"https:\/\/cafesorus.es\/tienda\/\",\"name\":\"Comprar caf\u00e9 online - Tienda online de Caf\u00e9s Or\u00fas\",\"description\":\"El sabor de tu vida\",\"publisher\":{\"@id\":\"https:\/\/cafesorus.es\/tienda\/#organization\"},\"potentialAction\":[{\"@type\":\"SearchAction\",\"target\":{\"@type\":\"EntryPoint\",\"urlTemplate\":\"https:\/\/cafesorus.es\/tienda\/?s={search_term_string}\"},\"query-input\":{\"@type\":\"PropertyValueSpecification\",\"valueRequired\":true,\"valueName\":\"search_term_string\"}}],\"inLanguage\":\"es\"},{\"@type\":\"Organization\",\"@id\":\"https:\/\/cafesorus.es\/tienda\/#organization\",\"name\":\"Caf\u00e9s Or\u00fas\",\"url\":\"https:\/\/cafesorus.es\/tienda\/\",\"logo\":{\"@type\":\"ImageObject\",\"inLanguage\":\"es\",\"@id\":\"https:\/\/cafesorus.es\/tienda\/#\/schema\/logo\/image\/\",\"url\":\"https:\/\/cafesorus.es\/tienda\/wp-content\/uploads\/2023\/01\/Branding_1_HD-e1672845351612.png\",\"contentUrl\":\"https:\/\/cafesorus.es\/tienda\/wp-content\/uploads\/2023\/01\/Branding_1_HD-e1672845351612.png\",\"width\":150,\"height\":96,\"caption\":\"Caf\u00e9s Or\u00fas\"},\"image\":{\"@id\":\"https:\/\/cafesorus.es\/tienda\/#\/schema\/logo\/image\/\"},\"sameAs\":[\"https:\/\/www.facebook.com\/cafesorusaragon\",\"https:\/\/x.com\/CafesOrus\",\"https:\/\/www.instagram.com\/cafesorus\/\",\"https:\/\/www.youtube.com\/user\/cafesorus\",\"https:\/\/www.flickr.com\/photos\/cafesorus\/\"]}]}<\/script>\n<!-- \/ Yoast SEO plugin. -->","yoast_head_json":{"title":"Caf\u00e9 en grano Descafeinado Natural - 500gr","robots":{"index":"index","follow":"follow","max-snippet":"max-snippet:-1","max-image-preview":"max-image-preview:large","max-video-preview":"max-video-preview:-1"},"canonical":"https:\/\/cafesorus.es\/tienda\/producto\/cafe-en-grano-descafeinado-natural-500gr\/","og_locale":"es_ES","og_type":"article","og_title":"Caf\u00e9 en grano Descafeinado Natural - 500gr","og_description":"Fruto de una esmerada combinaci\u00f3n de caf\u00e9s seleccionados de\u00a0entre las mejores plantaciones del mundo. Este\u00a0caf\u00e9 descafeinado\u00a0al\u00a0que hemos extra\u00eddo la cafe\u00edna por procesos totalmente naturales. Es\u00a0id\u00f3neo para poder disfrutar a cualquier hora del d\u00eda de una taza de\u00a0caf\u00e9 con todo el aroma y sabor del mejor descafeinado.","og_url":"https:\/\/cafesorus.es\/tienda\/producto\/cafe-en-grano-descafeinado-natural-500gr\/","og_site_name":"Comprar caf\u00e9 online - Tienda online de Caf\u00e9s Or\u00fas -","article_publisher":"https:\/\/www.facebook.com\/cafesorusaragon","article_modified_time":"2025-03-03T12:42:03+00:00","og_image":[{"width":500,"height":500,"url":"https:\/\/cafesorus.es\/tienda\/wp-content\/uploads\/2024\/07\/Descafeinado500GR.png","type":"image\/png"}],"twitter_card":"summary_large_image","twitter_site":"@CafesOrus","schema":{"@context":"https:\/\/schema.org","@graph":[{"@type":"WebPage","@id":"https:\/\/cafesorus.es\/tienda\/producto\/cafe-en-grano-descafeinado-natural-500gr\/","url":"https:\/\/cafesorus.es\/tienda\/producto\/cafe-en-grano-descafeinado-natural-500gr\/","name":"Caf\u00e9 en grano Descafeinado Natural - 500gr","isPartOf":{"@id":"https:\/\/cafesorus.es\/tienda\/#website"},"primaryImageOfPage":{"@id":"https:\/\/cafesorus.es\/tienda\/producto\/cafe-en-grano-descafeinado-natural-500gr\/#primaryimage"},"image":{"@id":"https:\/\/cafesorus.es\/tienda\/producto\/cafe-en-grano-descafeinado-natural-500gr\/#primaryimage"},"thumbnailUrl":"https:\/\/cafesorus.es\/tienda\/wp-content\/uploads\/2024\/07\/Descafeinado500GR.png","datePublished":"2024-07-17T07:39:09+00:00","dateModified":"2025-03-03T12:42:03+00:00","breadcrumb":{"@id":"https:\/\/cafesorus.es\/tienda\/producto\/cafe-en-grano-descafeinado-natural-500gr\/#breadcrumb"},"inLanguage":"es","potentialAction":[{"@type":"ReadAction","target":["https:\/\/cafesorus.es\/tienda\/producto\/cafe-en-grano-descafeinado-natural-500gr\/"]}]},{"@type":"ImageObject","inLanguage":"es","@id":"https:\/\/cafesorus.es\/tienda\/producto\/cafe-en-grano-descafeinado-natural-500gr\/#primaryimage","url":"https:\/\/cafesorus.es\/tienda\/wp-content\/uploads\/2024\/07\/Descafeinado500GR.png","contentUrl":"https:\/\/cafesorus.es\/tienda\/wp-content\/uploads\/2024\/07\/Descafeinado500GR.png","width":500,"height":500},{"@type":"BreadcrumbList","@id":"https:\/\/cafesorus.es\/tienda\/producto\/cafe-en-grano-descafeinado-natural-500gr\/#breadcrumb","itemListElement":[{"@type":"ListItem","position":1,"name":"Portada","item":"https:\/\/cafesorus.es\/tienda\/"},{"@type":"ListItem","position":2,"name":"Comprar Caf\u00e9 Online &#8211; Caf\u00e9s Or\u00fas","item":"https:\/\/cafesorus.es\/tienda\/"},{"@type":"ListItem","position":3,"name":"Caf\u00e9 en grano Descafeinado Natural &#8211; 500gr"}]},{"@type":"WebSite","@id":"https:\/\/cafesorus.es\/tienda\/#website","url":"https:\/\/cafesorus.es\/tienda\/","name":"Comprar caf\u00e9 online - Tienda online de Caf\u00e9s Or\u00fas","description":"El sabor de tu vida","publisher":{"@id":"https:\/\/cafesorus.es\/tienda\/#organization"},"potentialAction":[{"@type":"SearchAction","target":{"@type":"EntryPoint","urlTemplate":"https:\/\/cafesorus.es\/tienda\/?s={search_term_string}"},"query-input":{"@type":"PropertyValueSpecification","valueRequired":true,"valueName":"search_term_string"}}],"inLanguage":"es"},{"@type":"Organization","@id":"https:\/\/cafesorus.es\/tienda\/#organization","name":"Caf\u00e9s Or\u00fas","url":"https:\/\/cafesorus.es\/tienda\/","logo":{"@type":"ImageObject","inLanguage":"es","@id":"https:\/\/cafesorus.es\/tienda\/#\/schema\/logo\/image\/","url":"https:\/\/cafesorus.es\/tienda\/wp-content\/uploads\/2023\/01\/Branding_1_HD-e1672845351612.png","contentUrl":"https:\/\/cafesorus.es\/tienda\/wp-content\/uploads\/2023\/01\/Branding_1_HD-e1672845351612.png","width":150,"height":96,"caption":"Caf\u00e9s Or\u00fas"},"image":{"@id":"https:\/\/cafesorus.es\/tienda\/#\/schema\/logo\/image\/"},"sameAs":["https:\/\/www.facebook.com\/cafesorusaragon","https:\/\/x.com\/CafesOrus","https:\/\/www.instagram.com\/cafesorus\/","https:\/\/www.youtube.com\/user\/cafesorus","https:\/\/www.flickr.com\/photos\/cafesorus\/"]}]}},"_links":{"self":[{"href":"https:\/\/cafesorus.es\/tienda\/wp-json\/wp\/v2\/product\/20173","targetHints":{"allow":["GET"]}}],"collection":[{"href":"https:\/\/cafesorus.es\/tienda\/wp-json\/wp\/v2\/product"}],"about":[{"href":"https:\/\/cafesorus.es\/tienda\/wp-json\/wp\/v2\/types\/product"}],"replies":[{"embeddable":true,"href":"https:\/\/cafesorus.es\/tienda\/wp-json\/wp\/v2\/comments?post=20173"}],"wp:featuredmedia":[{"embeddable":true,"href":"https:\/\/cafesorus.es\/tienda\/wp-json\/wp\/v2\/media\/20174"}],"wp:attachment":[{"href":"https:\/\/cafesorus.es\/tienda\/wp-json\/wp\/v2\/media?parent=20173"}],"wp:term":[{"taxonomy":"product_brand","embeddable":true,"href":"https:\/\/cafesorus.es\/tienda\/wp-json\/wp\/v2\/product_brand?post=20173"},{"taxonomy":"product_cat","embeddable":true,"href":"https:\/\/cafesorus.es\/tienda\/wp-json\/wp\/v2\/product_cat?post=20173"},{"taxonomy":"product_tag","embeddable":true,"href":"https:\/\/cafesorus.es\/tienda\/wp-json\/wp\/v2\/product_tag?post=20173"}],"curies":[{"name":"wp","href":"https:\/\/api.w.org\/{rel}","templated":true}]}}