{"id":20320,"date":"2025-02-27T13:32:51","date_gmt":"2025-02-27T12:32:51","guid":{"rendered":"https:\/\/cafesorus.es\/tienda\/?post_type=product&#038;p=20320"},"modified":"2025-03-21T12:32:44","modified_gmt":"2025-03-21T11:32:44","slug":"te-matcha","status":"publish","type":"product","link":"https:\/\/cafesorus.es\/tienda\/producto\/te-matcha\/","title":{"rendered":"T\u00e9 Matcha &#8211; Formato 15 sobres individuales"},"content":{"rendered":"","protected":false},"excerpt":{"rendered":"<p>Descubre la exquisita experiencia del T\u00e9 Matcha de Caf\u00e9s Or\u00fas, una bebida tradicional japonesa llevada a la perfecci\u00f3n. Este t\u00e9 matcha puro y natural se elabora mediante un cuidadoso proceso de molienda de hojas de t\u00e9 verde de primera calidad, resultando en un polvo fino y sedoso. Con su caracter\u00edstico color verde vibrante y su sabor umami distintivo, este t\u00e9 matcha ofrece una experiencia sensorial \u00fanica. Ideal para preparar tanto bebidas calientes tradicionales como creaciones fr\u00edas y cremosas. Su versatilidad permite incorporarlo en m\u00faltiples recetas, desde lattes hasta postres. Cada taza proporciona un impulso natural de vitalidad y concentraci\u00f3n, gracias a su composici\u00f3n rica en nutrientes. Perfecto para los amantes del t\u00e9 que buscan una experiencia aut\u00e9ntica y refinada. Se recomienda conservar en un lugar fresco y seco para mantener sus propiedades intactas. 15 sobres de 7g.<\/p>\n","protected":false},"featured_media":20321,"comment_status":"open","ping_status":"closed","template":"","meta":[],"product_brand":[],"product_cat":[83],"product_tag":[123,191,124,192],"class_list":{"0":"post-20320","1":"product","2":"type-product","3":"status-publish","4":"has-post-thumbnail","6":"product_cat-infusiones","7":"product_tag-infusion","8":"product_tag-matcha","9":"product_tag-te","10":"product_tag-te-matcha","12":"first","13":"instock","14":"taxable","15":"shipping-taxable","16":"purchasable","17":"product-type-simple"},"yoast_head":"<!-- This site is optimized with the Yoast SEO plugin v26.0 - https:\/\/yoast.com\/wordpress\/plugins\/seo\/ -->\n<title>T\u00e9 Matcha - Formato 15 sobres individuales - Comprar caf\u00e9 online - Tienda online de Caf\u00e9s Or\u00fas -<\/title>\n<meta name=\"robots\" content=\"index, follow, max-snippet:-1, max-image-preview:large, max-video-preview:-1\" \/>\n<link rel=\"canonical\" href=\"https:\/\/cafesorus.es\/tienda\/producto\/te-matcha\/\" \/>\n<meta property=\"og:locale\" content=\"es_ES\" \/>\n<meta property=\"og:type\" content=\"article\" \/>\n<meta property=\"og:title\" content=\"T\u00e9 Matcha - Formato 15 sobres individuales - Comprar caf\u00e9 online - Tienda online de Caf\u00e9s Or\u00fas -\" \/>\n<meta property=\"og:description\" content=\"Descubre la exquisita experiencia del T\u00e9 Matcha de Caf\u00e9s Or\u00fas, una bebida tradicional japonesa llevada a la perfecci\u00f3n. Este t\u00e9 matcha puro y natural se elabora mediante un cuidadoso proceso de molienda de hojas de t\u00e9 verde de primera calidad, resultando en un polvo fino y sedoso. Con su caracter\u00edstico color verde vibrante y su sabor umami distintivo, este t\u00e9 matcha ofrece una experiencia sensorial \u00fanica. Ideal para preparar tanto bebidas calientes tradicionales como creaciones fr\u00edas y cremosas. Su versatilidad permite incorporarlo en m\u00faltiples recetas, desde lattes hasta postres. Cada taza proporciona un impulso natural de vitalidad y concentraci\u00f3n, gracias a su composici\u00f3n rica en nutrientes. Perfecto para los amantes del t\u00e9 que buscan una experiencia aut\u00e9ntica y refinada. Se recomienda conservar en un lugar fresco y seco para mantener sus propiedades intactas. 15 sobres de 7g.\" \/>\n<meta property=\"og:url\" content=\"https:\/\/cafesorus.es\/tienda\/producto\/te-matcha\/\" \/>\n<meta property=\"og:site_name\" content=\"Comprar caf\u00e9 online - Tienda online de Caf\u00e9s Or\u00fas -\" \/>\n<meta property=\"article:publisher\" content=\"https:\/\/www.facebook.com\/cafesorusaragon\" \/>\n<meta property=\"article:modified_time\" content=\"2025-03-21T11:32:44+00:00\" \/>\n<meta property=\"og:image\" content=\"https:\/\/cafesorus.es\/tienda\/wp-content\/uploads\/2025\/02\/te\u0301-Matcha-1024x1024.png\" \/>\n\t<meta property=\"og:image:width\" content=\"1024\" \/>\n\t<meta property=\"og:image:height\" content=\"1024\" \/>\n\t<meta property=\"og:image:type\" content=\"image\/png\" \/>\n<meta name=\"twitter:card\" content=\"summary_large_image\" \/>\n<meta name=\"twitter:site\" content=\"@CafesOrus\" \/>\n<script type=\"application\/ld+json\" class=\"yoast-schema-graph\">{\"@context\":\"https:\/\/schema.org\",\"@graph\":[{\"@type\":\"WebPage\",\"@id\":\"https:\/\/cafesorus.es\/tienda\/producto\/te-matcha\/\",\"url\":\"https:\/\/cafesorus.es\/tienda\/producto\/te-matcha\/\",\"name\":\"T\u00e9 Matcha - Formato 15 sobres individuales - Comprar caf\u00e9 online - Tienda online de Caf\u00e9s Or\u00fas -\",\"isPartOf\":{\"@id\":\"https:\/\/cafesorus.es\/tienda\/#website\"},\"primaryImageOfPage\":{\"@id\":\"https:\/\/cafesorus.es\/tienda\/producto\/te-matcha\/#primaryimage\"},\"image\":{\"@id\":\"https:\/\/cafesorus.es\/tienda\/producto\/te-matcha\/#primaryimage\"},\"thumbnailUrl\":\"https:\/\/cafesorus.es\/tienda\/wp-content\/uploads\/2025\/02\/te\u0301-Matcha.png\",\"datePublished\":\"2025-02-27T12:32:51+00:00\",\"dateModified\":\"2025-03-21T11:32:44+00:00\",\"breadcrumb\":{\"@id\":\"https:\/\/cafesorus.es\/tienda\/producto\/te-matcha\/#breadcrumb\"},\"inLanguage\":\"es\",\"potentialAction\":[{\"@type\":\"ReadAction\",\"target\":[\"https:\/\/cafesorus.es\/tienda\/producto\/te-matcha\/\"]}]},{\"@type\":\"ImageObject\",\"inLanguage\":\"es\",\"@id\":\"https:\/\/cafesorus.es\/tienda\/producto\/te-matcha\/#primaryimage\",\"url\":\"https:\/\/cafesorus.es\/tienda\/wp-content\/uploads\/2025\/02\/te\u0301-Matcha.png\",\"contentUrl\":\"https:\/\/cafesorus.es\/tienda\/wp-content\/uploads\/2025\/02\/te\u0301-Matcha.png\",\"width\":2000,\"height\":2000},{\"@type\":\"BreadcrumbList\",\"@id\":\"https:\/\/cafesorus.es\/tienda\/producto\/te-matcha\/#breadcrumb\",\"itemListElement\":[{\"@type\":\"ListItem\",\"position\":1,\"name\":\"Portada\",\"item\":\"https:\/\/cafesorus.es\/tienda\/\"},{\"@type\":\"ListItem\",\"position\":2,\"name\":\"Comprar Caf\u00e9 Online &#8211; Caf\u00e9s Or\u00fas\",\"item\":\"https:\/\/cafesorus.es\/tienda\/\"},{\"@type\":\"ListItem\",\"position\":3,\"name\":\"T\u00e9 Matcha &#8211; Formato 15 sobres individuales\"}]},{\"@type\":\"WebSite\",\"@id\":\"https:\/\/cafesorus.es\/tienda\/#website\",\"url\":\"https:\/\/cafesorus.es\/tienda\/\",\"name\":\"Comprar caf\u00e9 online - Tienda online de Caf\u00e9s Or\u00fas\",\"description\":\"El sabor de tu vida\",\"publisher\":{\"@id\":\"https:\/\/cafesorus.es\/tienda\/#organization\"},\"potentialAction\":[{\"@type\":\"SearchAction\",\"target\":{\"@type\":\"EntryPoint\",\"urlTemplate\":\"https:\/\/cafesorus.es\/tienda\/?s={search_term_string}\"},\"query-input\":{\"@type\":\"PropertyValueSpecification\",\"valueRequired\":true,\"valueName\":\"search_term_string\"}}],\"inLanguage\":\"es\"},{\"@type\":\"Organization\",\"@id\":\"https:\/\/cafesorus.es\/tienda\/#organization\",\"name\":\"Caf\u00e9s Or\u00fas\",\"url\":\"https:\/\/cafesorus.es\/tienda\/\",\"logo\":{\"@type\":\"ImageObject\",\"inLanguage\":\"es\",\"@id\":\"https:\/\/cafesorus.es\/tienda\/#\/schema\/logo\/image\/\",\"url\":\"https:\/\/cafesorus.es\/tienda\/wp-content\/uploads\/2023\/01\/Branding_1_HD-e1672845351612.png\",\"contentUrl\":\"https:\/\/cafesorus.es\/tienda\/wp-content\/uploads\/2023\/01\/Branding_1_HD-e1672845351612.png\",\"width\":150,\"height\":96,\"caption\":\"Caf\u00e9s Or\u00fas\"},\"image\":{\"@id\":\"https:\/\/cafesorus.es\/tienda\/#\/schema\/logo\/image\/\"},\"sameAs\":[\"https:\/\/www.facebook.com\/cafesorusaragon\",\"https:\/\/x.com\/CafesOrus\",\"https:\/\/www.instagram.com\/cafesorus\/\",\"https:\/\/www.youtube.com\/user\/cafesorus\",\"https:\/\/www.flickr.com\/photos\/cafesorus\/\"]}]}<\/script>\n<!-- \/ Yoast SEO plugin. -->","yoast_head_json":{"title":"T\u00e9 Matcha - Formato 15 sobres individuales - Comprar caf\u00e9 online - Tienda online de Caf\u00e9s Or\u00fas -","robots":{"index":"index","follow":"follow","max-snippet":"max-snippet:-1","max-image-preview":"max-image-preview:large","max-video-preview":"max-video-preview:-1"},"canonical":"https:\/\/cafesorus.es\/tienda\/producto\/te-matcha\/","og_locale":"es_ES","og_type":"article","og_title":"T\u00e9 Matcha - Formato 15 sobres individuales - Comprar caf\u00e9 online - Tienda online de Caf\u00e9s Or\u00fas -","og_description":"Descubre la exquisita experiencia del T\u00e9 Matcha de Caf\u00e9s Or\u00fas, una bebida tradicional japonesa llevada a la perfecci\u00f3n. Este t\u00e9 matcha puro y natural se elabora mediante un cuidadoso proceso de molienda de hojas de t\u00e9 verde de primera calidad, resultando en un polvo fino y sedoso. Con su caracter\u00edstico color verde vibrante y su sabor umami distintivo, este t\u00e9 matcha ofrece una experiencia sensorial \u00fanica. Ideal para preparar tanto bebidas calientes tradicionales como creaciones fr\u00edas y cremosas. Su versatilidad permite incorporarlo en m\u00faltiples recetas, desde lattes hasta postres. Cada taza proporciona un impulso natural de vitalidad y concentraci\u00f3n, gracias a su composici\u00f3n rica en nutrientes. Perfecto para los amantes del t\u00e9 que buscan una experiencia aut\u00e9ntica y refinada. Se recomienda conservar en un lugar fresco y seco para mantener sus propiedades intactas. 15 sobres de 7g.","og_url":"https:\/\/cafesorus.es\/tienda\/producto\/te-matcha\/","og_site_name":"Comprar caf\u00e9 online - Tienda online de Caf\u00e9s Or\u00fas -","article_publisher":"https:\/\/www.facebook.com\/cafesorusaragon","article_modified_time":"2025-03-21T11:32:44+00:00","og_image":[{"width":1024,"height":1024,"url":"https:\/\/cafesorus.es\/tienda\/wp-content\/uploads\/2025\/02\/te\u0301-Matcha-1024x1024.png","type":"image\/png"}],"twitter_card":"summary_large_image","twitter_site":"@CafesOrus","schema":{"@context":"https:\/\/schema.org","@graph":[{"@type":"WebPage","@id":"https:\/\/cafesorus.es\/tienda\/producto\/te-matcha\/","url":"https:\/\/cafesorus.es\/tienda\/producto\/te-matcha\/","name":"T\u00e9 Matcha - Formato 15 sobres individuales - Comprar caf\u00e9 online - Tienda online de Caf\u00e9s Or\u00fas -","isPartOf":{"@id":"https:\/\/cafesorus.es\/tienda\/#website"},"primaryImageOfPage":{"@id":"https:\/\/cafesorus.es\/tienda\/producto\/te-matcha\/#primaryimage"},"image":{"@id":"https:\/\/cafesorus.es\/tienda\/producto\/te-matcha\/#primaryimage"},"thumbnailUrl":"https:\/\/cafesorus.es\/tienda\/wp-content\/uploads\/2025\/02\/te\u0301-Matcha.png","datePublished":"2025-02-27T12:32:51+00:00","dateModified":"2025-03-21T11:32:44+00:00","breadcrumb":{"@id":"https:\/\/cafesorus.es\/tienda\/producto\/te-matcha\/#breadcrumb"},"inLanguage":"es","potentialAction":[{"@type":"ReadAction","target":["https:\/\/cafesorus.es\/tienda\/producto\/te-matcha\/"]}]},{"@type":"ImageObject","inLanguage":"es","@id":"https:\/\/cafesorus.es\/tienda\/producto\/te-matcha\/#primaryimage","url":"https:\/\/cafesorus.es\/tienda\/wp-content\/uploads\/2025\/02\/te\u0301-Matcha.png","contentUrl":"https:\/\/cafesorus.es\/tienda\/wp-content\/uploads\/2025\/02\/te\u0301-Matcha.png","width":2000,"height":2000},{"@type":"BreadcrumbList","@id":"https:\/\/cafesorus.es\/tienda\/producto\/te-matcha\/#breadcrumb","itemListElement":[{"@type":"ListItem","position":1,"name":"Portada","item":"https:\/\/cafesorus.es\/tienda\/"},{"@type":"ListItem","position":2,"name":"Comprar Caf\u00e9 Online &#8211; Caf\u00e9s Or\u00fas","item":"https:\/\/cafesorus.es\/tienda\/"},{"@type":"ListItem","position":3,"name":"T\u00e9 Matcha &#8211; Formato 15 sobres individuales"}]},{"@type":"WebSite","@id":"https:\/\/cafesorus.es\/tienda\/#website","url":"https:\/\/cafesorus.es\/tienda\/","name":"Comprar caf\u00e9 online - Tienda online de Caf\u00e9s Or\u00fas","description":"El sabor de tu vida","publisher":{"@id":"https:\/\/cafesorus.es\/tienda\/#organization"},"potentialAction":[{"@type":"SearchAction","target":{"@type":"EntryPoint","urlTemplate":"https:\/\/cafesorus.es\/tienda\/?s={search_term_string}"},"query-input":{"@type":"PropertyValueSpecification","valueRequired":true,"valueName":"search_term_string"}}],"inLanguage":"es"},{"@type":"Organization","@id":"https:\/\/cafesorus.es\/tienda\/#organization","name":"Caf\u00e9s Or\u00fas","url":"https:\/\/cafesorus.es\/tienda\/","logo":{"@type":"ImageObject","inLanguage":"es","@id":"https:\/\/cafesorus.es\/tienda\/#\/schema\/logo\/image\/","url":"https:\/\/cafesorus.es\/tienda\/wp-content\/uploads\/2023\/01\/Branding_1_HD-e1672845351612.png","contentUrl":"https:\/\/cafesorus.es\/tienda\/wp-content\/uploads\/2023\/01\/Branding_1_HD-e1672845351612.png","width":150,"height":96,"caption":"Caf\u00e9s Or\u00fas"},"image":{"@id":"https:\/\/cafesorus.es\/tienda\/#\/schema\/logo\/image\/"},"sameAs":["https:\/\/www.facebook.com\/cafesorusaragon","https:\/\/x.com\/CafesOrus","https:\/\/www.instagram.com\/cafesorus\/","https:\/\/www.youtube.com\/user\/cafesorus","https:\/\/www.flickr.com\/photos\/cafesorus\/"]}]}},"_links":{"self":[{"href":"https:\/\/cafesorus.es\/tienda\/wp-json\/wp\/v2\/product\/20320","targetHints":{"allow":["GET"]}}],"collection":[{"href":"https:\/\/cafesorus.es\/tienda\/wp-json\/wp\/v2\/product"}],"about":[{"href":"https:\/\/cafesorus.es\/tienda\/wp-json\/wp\/v2\/types\/product"}],"replies":[{"embeddable":true,"href":"https:\/\/cafesorus.es\/tienda\/wp-json\/wp\/v2\/comments?post=20320"}],"wp:featuredmedia":[{"embeddable":true,"href":"https:\/\/cafesorus.es\/tienda\/wp-json\/wp\/v2\/media\/20321"}],"wp:attachment":[{"href":"https:\/\/cafesorus.es\/tienda\/wp-json\/wp\/v2\/media?parent=20320"}],"wp:term":[{"taxonomy":"product_brand","embeddable":true,"href":"https:\/\/cafesorus.es\/tienda\/wp-json\/wp\/v2\/product_brand?post=20320"},{"taxonomy":"product_cat","embeddable":true,"href":"https:\/\/cafesorus.es\/tienda\/wp-json\/wp\/v2\/product_cat?post=20320"},{"taxonomy":"product_tag","embeddable":true,"href":"https:\/\/cafesorus.es\/tienda\/wp-json\/wp\/v2\/product_tag?post=20320"}],"curies":[{"name":"wp","href":"https:\/\/api.w.org\/{rel}","templated":true}]}}