{"id":20323,"date":"2025-02-27T13:38:16","date_gmt":"2025-02-27T12:38:16","guid":{"rendered":"https:\/\/cafesorus.es\/tienda\/?post_type=product&#038;p=20323"},"modified":"2025-03-21T12:29:34","modified_gmt":"2025-03-21T11:29:34","slug":"cafe-soluble-descafeinado-100-sobres","status":"publish","type":"product","link":"https:\/\/cafesorus.es\/tienda\/producto\/cafe-soluble-descafeinado-100-sobres\/","title":{"rendered":"Caf\u00e9 soluble Descafeinado &#8211; 100 sobres"},"content":{"rendered":"<p>Caf\u00e9 Soluble Descafeinado Caf\u00e9s Or\u00fas \u2013 Sabor y Comodidad en Cada Sobre<\/p>\n<p>Disfruta del aut\u00e9ntico sabor del caf\u00e9 sin cafe\u00edna con nuestro Caf\u00e9 Soluble Descafeinado Caf\u00e9s Or\u00fas. Presentado en un pr\u00e1ctico formato de 100 sobres individuales, es la opci\u00f3n perfecta para oficinas, hoteles y cafeter\u00edas, garantizando frescura y calidad en cada taza. Sabor intenso y equilibrado, sin cafe\u00edna. Formato monodosis para mayor comodidad y frescura. Disoluci\u00f3n instant\u00e1nea, ideal para cualquier momento del d\u00eda Perfecto para entornos profesionales o uso dom\u00e9stico. Disfruta de la calidad de Caf\u00e9s Or\u00fas, ahora en una versi\u00f3n descafeinada y lista al instante. \u00a1Cada sobre, una experiencia de sabor!<\/p>\n","protected":false},"excerpt":{"rendered":"<p>Caf\u00e9 Soluble Descafeinado Caf\u00e9s Or\u00fas \u2013 Sabor y Comodidad en Cada Sobre<\/p>\n<p>Disfruta del aut\u00e9ntico sabor del caf\u00e9 sin cafe\u00edna con nuestro Caf\u00e9 Soluble Descafeinado Caf\u00e9s Or\u00fas. Presentado en un pr\u00e1ctico formato de 100 sobres individuales, es la opci\u00f3n perfecta para oficinas, hoteles y cafeter\u00edas, garantizando frescura y calidad en cada taza. Sabor intenso y equilibrado, sin cafe\u00edna. Formato monodosis para mayor comodidad y frescura. Disoluci\u00f3n instant\u00e1nea, ideal para cualquier momento del d\u00eda Perfecto para entornos profesionales o uso dom\u00e9stico. Disfruta de la calidad de Caf\u00e9s Or\u00fas, ahora en una versi\u00f3n descafeinada y lista al instante. \u00a1Cada sobre, una experiencia de sabor!<\/p>\n","protected":false},"featured_media":20324,"comment_status":"open","ping_status":"closed","template":"","meta":[],"product_brand":[],"product_cat":[84],"product_tag":[104,120],"class_list":{"0":"post-20323","1":"product","2":"type-product","3":"status-publish","4":"has-post-thumbnail","6":"product_cat-solubles","7":"product_tag-cafe","8":"product_tag-cafe-soluble","10":"first","11":"instock","12":"taxable","13":"shipping-taxable","14":"purchasable","15":"product-type-simple"},"yoast_head":"<!-- This site is optimized with the Yoast SEO plugin v26.0 - https:\/\/yoast.com\/wordpress\/plugins\/seo\/ -->\n<title>Caf\u00e9 soluble Descafeinado - 100 sobres - Comprar caf\u00e9 online - Tienda online de Caf\u00e9s Or\u00fas -<\/title>\n<meta name=\"robots\" content=\"index, follow, max-snippet:-1, max-image-preview:large, max-video-preview:-1\" \/>\n<link rel=\"canonical\" href=\"https:\/\/cafesorus.es\/tienda\/producto\/cafe-soluble-descafeinado-100-sobres\/\" \/>\n<meta property=\"og:locale\" content=\"es_ES\" \/>\n<meta property=\"og:type\" content=\"article\" \/>\n<meta property=\"og:title\" content=\"Caf\u00e9 soluble Descafeinado - 100 sobres - Comprar caf\u00e9 online - Tienda online de Caf\u00e9s Or\u00fas -\" \/>\n<meta property=\"og:description\" content=\"Caf\u00e9 Soluble Descafeinado Caf\u00e9s Or\u00fas \u2013 Sabor y Comodidad en Cada Sobre  Disfruta del aut\u00e9ntico sabor del caf\u00e9 sin cafe\u00edna con nuestro Caf\u00e9 Soluble Descafeinado Caf\u00e9s Or\u00fas. Presentado en un pr\u00e1ctico formato de 100 sobres individuales, es la opci\u00f3n perfecta para oficinas, hoteles y cafeter\u00edas, garantizando frescura y calidad en cada taza. Sabor intenso y equilibrado, sin cafe\u00edna. Formato monodosis para mayor comodidad y frescura. Disoluci\u00f3n instant\u00e1nea, ideal para cualquier momento del d\u00eda Perfecto para entornos profesionales o uso dom\u00e9stico. Disfruta de la calidad de Caf\u00e9s Or\u00fas, ahora en una versi\u00f3n descafeinada y lista al instante. \u00a1Cada sobre, una experiencia de sabor!\" \/>\n<meta property=\"og:url\" content=\"https:\/\/cafesorus.es\/tienda\/producto\/cafe-soluble-descafeinado-100-sobres\/\" \/>\n<meta property=\"og:site_name\" content=\"Comprar caf\u00e9 online - Tienda online de Caf\u00e9s Or\u00fas -\" \/>\n<meta property=\"article:publisher\" content=\"https:\/\/www.facebook.com\/cafesorusaragon\" \/>\n<meta property=\"article:modified_time\" content=\"2025-03-21T11:29:34+00:00\" \/>\n<meta property=\"og:image\" content=\"https:\/\/cafesorus.es\/tienda\/wp-content\/uploads\/2025\/02\/Descafeinado-Soluble-1024x1024.png\" \/>\n\t<meta property=\"og:image:width\" content=\"1024\" \/>\n\t<meta property=\"og:image:height\" content=\"1024\" \/>\n\t<meta property=\"og:image:type\" content=\"image\/png\" \/>\n<meta name=\"twitter:card\" content=\"summary_large_image\" \/>\n<meta name=\"twitter:site\" content=\"@CafesOrus\" \/>\n<meta name=\"twitter:label1\" content=\"Tiempo de lectura\" \/>\n\t<meta name=\"twitter:data1\" content=\"1 minuto\" \/>\n<script type=\"application\/ld+json\" class=\"yoast-schema-graph\">{\"@context\":\"https:\/\/schema.org\",\"@graph\":[{\"@type\":\"WebPage\",\"@id\":\"https:\/\/cafesorus.es\/tienda\/producto\/cafe-soluble-descafeinado-100-sobres\/\",\"url\":\"https:\/\/cafesorus.es\/tienda\/producto\/cafe-soluble-descafeinado-100-sobres\/\",\"name\":\"Caf\u00e9 soluble Descafeinado - 100 sobres - Comprar caf\u00e9 online - Tienda online de Caf\u00e9s Or\u00fas -\",\"isPartOf\":{\"@id\":\"https:\/\/cafesorus.es\/tienda\/#website\"},\"primaryImageOfPage\":{\"@id\":\"https:\/\/cafesorus.es\/tienda\/producto\/cafe-soluble-descafeinado-100-sobres\/#primaryimage\"},\"image\":{\"@id\":\"https:\/\/cafesorus.es\/tienda\/producto\/cafe-soluble-descafeinado-100-sobres\/#primaryimage\"},\"thumbnailUrl\":\"https:\/\/cafesorus.es\/tienda\/wp-content\/uploads\/2025\/02\/Descafeinado-Soluble.png\",\"datePublished\":\"2025-02-27T12:38:16+00:00\",\"dateModified\":\"2025-03-21T11:29:34+00:00\",\"breadcrumb\":{\"@id\":\"https:\/\/cafesorus.es\/tienda\/producto\/cafe-soluble-descafeinado-100-sobres\/#breadcrumb\"},\"inLanguage\":\"es\",\"potentialAction\":[{\"@type\":\"ReadAction\",\"target\":[\"https:\/\/cafesorus.es\/tienda\/producto\/cafe-soluble-descafeinado-100-sobres\/\"]}]},{\"@type\":\"ImageObject\",\"inLanguage\":\"es\",\"@id\":\"https:\/\/cafesorus.es\/tienda\/producto\/cafe-soluble-descafeinado-100-sobres\/#primaryimage\",\"url\":\"https:\/\/cafesorus.es\/tienda\/wp-content\/uploads\/2025\/02\/Descafeinado-Soluble.png\",\"contentUrl\":\"https:\/\/cafesorus.es\/tienda\/wp-content\/uploads\/2025\/02\/Descafeinado-Soluble.png\",\"width\":2000,\"height\":2000},{\"@type\":\"BreadcrumbList\",\"@id\":\"https:\/\/cafesorus.es\/tienda\/producto\/cafe-soluble-descafeinado-100-sobres\/#breadcrumb\",\"itemListElement\":[{\"@type\":\"ListItem\",\"position\":1,\"name\":\"Portada\",\"item\":\"https:\/\/cafesorus.es\/tienda\/\"},{\"@type\":\"ListItem\",\"position\":2,\"name\":\"Comprar Caf\u00e9 Online &#8211; Caf\u00e9s Or\u00fas\",\"item\":\"https:\/\/cafesorus.es\/tienda\/\"},{\"@type\":\"ListItem\",\"position\":3,\"name\":\"Caf\u00e9 soluble Descafeinado &#8211; 100 sobres\"}]},{\"@type\":\"WebSite\",\"@id\":\"https:\/\/cafesorus.es\/tienda\/#website\",\"url\":\"https:\/\/cafesorus.es\/tienda\/\",\"name\":\"Comprar caf\u00e9 online - Tienda online de Caf\u00e9s Or\u00fas\",\"description\":\"El sabor de tu vida\",\"publisher\":{\"@id\":\"https:\/\/cafesorus.es\/tienda\/#organization\"},\"potentialAction\":[{\"@type\":\"SearchAction\",\"target\":{\"@type\":\"EntryPoint\",\"urlTemplate\":\"https:\/\/cafesorus.es\/tienda\/?s={search_term_string}\"},\"query-input\":{\"@type\":\"PropertyValueSpecification\",\"valueRequired\":true,\"valueName\":\"search_term_string\"}}],\"inLanguage\":\"es\"},{\"@type\":\"Organization\",\"@id\":\"https:\/\/cafesorus.es\/tienda\/#organization\",\"name\":\"Caf\u00e9s Or\u00fas\",\"url\":\"https:\/\/cafesorus.es\/tienda\/\",\"logo\":{\"@type\":\"ImageObject\",\"inLanguage\":\"es\",\"@id\":\"https:\/\/cafesorus.es\/tienda\/#\/schema\/logo\/image\/\",\"url\":\"https:\/\/cafesorus.es\/tienda\/wp-content\/uploads\/2023\/01\/Branding_1_HD-e1672845351612.png\",\"contentUrl\":\"https:\/\/cafesorus.es\/tienda\/wp-content\/uploads\/2023\/01\/Branding_1_HD-e1672845351612.png\",\"width\":150,\"height\":96,\"caption\":\"Caf\u00e9s Or\u00fas\"},\"image\":{\"@id\":\"https:\/\/cafesorus.es\/tienda\/#\/schema\/logo\/image\/\"},\"sameAs\":[\"https:\/\/www.facebook.com\/cafesorusaragon\",\"https:\/\/x.com\/CafesOrus\",\"https:\/\/www.instagram.com\/cafesorus\/\",\"https:\/\/www.youtube.com\/user\/cafesorus\",\"https:\/\/www.flickr.com\/photos\/cafesorus\/\"]}]}<\/script>\n<!-- \/ Yoast SEO plugin. -->","yoast_head_json":{"title":"Caf\u00e9 soluble Descafeinado - 100 sobres - Comprar caf\u00e9 online - Tienda online de Caf\u00e9s Or\u00fas -","robots":{"index":"index","follow":"follow","max-snippet":"max-snippet:-1","max-image-preview":"max-image-preview:large","max-video-preview":"max-video-preview:-1"},"canonical":"https:\/\/cafesorus.es\/tienda\/producto\/cafe-soluble-descafeinado-100-sobres\/","og_locale":"es_ES","og_type":"article","og_title":"Caf\u00e9 soluble Descafeinado - 100 sobres - Comprar caf\u00e9 online - Tienda online de Caf\u00e9s Or\u00fas -","og_description":"Caf\u00e9 Soluble Descafeinado Caf\u00e9s Or\u00fas \u2013 Sabor y Comodidad en Cada Sobre  Disfruta del aut\u00e9ntico sabor del caf\u00e9 sin cafe\u00edna con nuestro Caf\u00e9 Soluble Descafeinado Caf\u00e9s Or\u00fas. Presentado en un pr\u00e1ctico formato de 100 sobres individuales, es la opci\u00f3n perfecta para oficinas, hoteles y cafeter\u00edas, garantizando frescura y calidad en cada taza. Sabor intenso y equilibrado, sin cafe\u00edna. Formato monodosis para mayor comodidad y frescura. Disoluci\u00f3n instant\u00e1nea, ideal para cualquier momento del d\u00eda Perfecto para entornos profesionales o uso dom\u00e9stico. Disfruta de la calidad de Caf\u00e9s Or\u00fas, ahora en una versi\u00f3n descafeinada y lista al instante. \u00a1Cada sobre, una experiencia de sabor!","og_url":"https:\/\/cafesorus.es\/tienda\/producto\/cafe-soluble-descafeinado-100-sobres\/","og_site_name":"Comprar caf\u00e9 online - Tienda online de Caf\u00e9s Or\u00fas -","article_publisher":"https:\/\/www.facebook.com\/cafesorusaragon","article_modified_time":"2025-03-21T11:29:34+00:00","og_image":[{"width":1024,"height":1024,"url":"https:\/\/cafesorus.es\/tienda\/wp-content\/uploads\/2025\/02\/Descafeinado-Soluble-1024x1024.png","type":"image\/png"}],"twitter_card":"summary_large_image","twitter_site":"@CafesOrus","twitter_misc":{"Tiempo de lectura":"1 minuto"},"schema":{"@context":"https:\/\/schema.org","@graph":[{"@type":"WebPage","@id":"https:\/\/cafesorus.es\/tienda\/producto\/cafe-soluble-descafeinado-100-sobres\/","url":"https:\/\/cafesorus.es\/tienda\/producto\/cafe-soluble-descafeinado-100-sobres\/","name":"Caf\u00e9 soluble Descafeinado - 100 sobres - Comprar caf\u00e9 online - Tienda online de Caf\u00e9s Or\u00fas -","isPartOf":{"@id":"https:\/\/cafesorus.es\/tienda\/#website"},"primaryImageOfPage":{"@id":"https:\/\/cafesorus.es\/tienda\/producto\/cafe-soluble-descafeinado-100-sobres\/#primaryimage"},"image":{"@id":"https:\/\/cafesorus.es\/tienda\/producto\/cafe-soluble-descafeinado-100-sobres\/#primaryimage"},"thumbnailUrl":"https:\/\/cafesorus.es\/tienda\/wp-content\/uploads\/2025\/02\/Descafeinado-Soluble.png","datePublished":"2025-02-27T12:38:16+00:00","dateModified":"2025-03-21T11:29:34+00:00","breadcrumb":{"@id":"https:\/\/cafesorus.es\/tienda\/producto\/cafe-soluble-descafeinado-100-sobres\/#breadcrumb"},"inLanguage":"es","potentialAction":[{"@type":"ReadAction","target":["https:\/\/cafesorus.es\/tienda\/producto\/cafe-soluble-descafeinado-100-sobres\/"]}]},{"@type":"ImageObject","inLanguage":"es","@id":"https:\/\/cafesorus.es\/tienda\/producto\/cafe-soluble-descafeinado-100-sobres\/#primaryimage","url":"https:\/\/cafesorus.es\/tienda\/wp-content\/uploads\/2025\/02\/Descafeinado-Soluble.png","contentUrl":"https:\/\/cafesorus.es\/tienda\/wp-content\/uploads\/2025\/02\/Descafeinado-Soluble.png","width":2000,"height":2000},{"@type":"BreadcrumbList","@id":"https:\/\/cafesorus.es\/tienda\/producto\/cafe-soluble-descafeinado-100-sobres\/#breadcrumb","itemListElement":[{"@type":"ListItem","position":1,"name":"Portada","item":"https:\/\/cafesorus.es\/tienda\/"},{"@type":"ListItem","position":2,"name":"Comprar Caf\u00e9 Online &#8211; Caf\u00e9s Or\u00fas","item":"https:\/\/cafesorus.es\/tienda\/"},{"@type":"ListItem","position":3,"name":"Caf\u00e9 soluble Descafeinado &#8211; 100 sobres"}]},{"@type":"WebSite","@id":"https:\/\/cafesorus.es\/tienda\/#website","url":"https:\/\/cafesorus.es\/tienda\/","name":"Comprar caf\u00e9 online - Tienda online de Caf\u00e9s Or\u00fas","description":"El sabor de tu vida","publisher":{"@id":"https:\/\/cafesorus.es\/tienda\/#organization"},"potentialAction":[{"@type":"SearchAction","target":{"@type":"EntryPoint","urlTemplate":"https:\/\/cafesorus.es\/tienda\/?s={search_term_string}"},"query-input":{"@type":"PropertyValueSpecification","valueRequired":true,"valueName":"search_term_string"}}],"inLanguage":"es"},{"@type":"Organization","@id":"https:\/\/cafesorus.es\/tienda\/#organization","name":"Caf\u00e9s Or\u00fas","url":"https:\/\/cafesorus.es\/tienda\/","logo":{"@type":"ImageObject","inLanguage":"es","@id":"https:\/\/cafesorus.es\/tienda\/#\/schema\/logo\/image\/","url":"https:\/\/cafesorus.es\/tienda\/wp-content\/uploads\/2023\/01\/Branding_1_HD-e1672845351612.png","contentUrl":"https:\/\/cafesorus.es\/tienda\/wp-content\/uploads\/2023\/01\/Branding_1_HD-e1672845351612.png","width":150,"height":96,"caption":"Caf\u00e9s Or\u00fas"},"image":{"@id":"https:\/\/cafesorus.es\/tienda\/#\/schema\/logo\/image\/"},"sameAs":["https:\/\/www.facebook.com\/cafesorusaragon","https:\/\/x.com\/CafesOrus","https:\/\/www.instagram.com\/cafesorus\/","https:\/\/www.youtube.com\/user\/cafesorus","https:\/\/www.flickr.com\/photos\/cafesorus\/"]}]}},"_links":{"self":[{"href":"https:\/\/cafesorus.es\/tienda\/wp-json\/wp\/v2\/product\/20323","targetHints":{"allow":["GET"]}}],"collection":[{"href":"https:\/\/cafesorus.es\/tienda\/wp-json\/wp\/v2\/product"}],"about":[{"href":"https:\/\/cafesorus.es\/tienda\/wp-json\/wp\/v2\/types\/product"}],"replies":[{"embeddable":true,"href":"https:\/\/cafesorus.es\/tienda\/wp-json\/wp\/v2\/comments?post=20323"}],"wp:featuredmedia":[{"embeddable":true,"href":"https:\/\/cafesorus.es\/tienda\/wp-json\/wp\/v2\/media\/20324"}],"wp:attachment":[{"href":"https:\/\/cafesorus.es\/tienda\/wp-json\/wp\/v2\/media?parent=20323"}],"wp:term":[{"taxonomy":"product_brand","embeddable":true,"href":"https:\/\/cafesorus.es\/tienda\/wp-json\/wp\/v2\/product_brand?post=20323"},{"taxonomy":"product_cat","embeddable":true,"href":"https:\/\/cafesorus.es\/tienda\/wp-json\/wp\/v2\/product_cat?post=20323"},{"taxonomy":"product_tag","embeddable":true,"href":"https:\/\/cafesorus.es\/tienda\/wp-json\/wp\/v2\/product_tag?post=20323"}],"curies":[{"name":"wp","href":"https:\/\/api.w.org\/{rel}","templated":true}]}}