{"id":20459,"date":"2025-12-15T12:46:48","date_gmt":"2025-12-15T11:46:48","guid":{"rendered":"https:\/\/cafesorus.es\/tienda\/?post_type=product&#038;p=20459"},"modified":"2025-12-15T12:47:17","modified_gmt":"2025-12-15T11:47:17","slug":"pack-navidad-molido","status":"publish","type":"product","link":"https:\/\/cafesorus.es\/tienda\/producto\/pack-navidad-molido\/","title":{"rendered":"Pack Navidad (Molido) \u2013 Taza de regalo"},"content":{"rendered":"","protected":false},"excerpt":{"rendered":"<h3 class=\"fusion-responsive-typography-calculated\" data-start=\"138\" data-end=\"184\" data-fontsize=\"16\" data-lineheight=\"30.08px\">Pack Navidad Caf\u00e9s Or\u00fas \u2013 Edici\u00f3n Especial<\/h3>\n<p data-start=\"186\" data-end=\"416\">Disfruta de la Navidad con este exclusivo pack pensado para los verdaderos amantes del caf\u00e9. Una selecci\u00f3n cuidada de nuestros productos m\u00e1s especiales, ideal para regalar o para darte un capricho en estas fechas.<\/p>\n<p data-start=\"418\" data-end=\"786\">El pack incluye\u00a0<strong data-start=\"434\" data-end=\"514\">4 paquetes de caf\u00e9 molido \u00c1GORA 100% A\u00e1bica 250 gr.<\/strong>\u00a0Se completa con\u00a0<strong data-start=\"598\" data-end=\"625\">una caja de edulcorante<\/strong>,\u00a0<strong data-start=\"627\" data-end=\"656\">una caja de t\u00e9 negro chai<\/strong>,\u00a0<strong data-start=\"658\" data-end=\"689\">una caja de infusi\u00f3n Digest<\/strong>\u00a0y\u00a0<strong data-start=\"692\" data-end=\"738\">una caja de t\u00e9 negro con cacao y almendras<\/strong>, perfectas para acompa\u00f1ar cada momento del d\u00eda.<\/p>\n<p data-start=\"788\" data-end=\"989\">Adem\u00e1s, incluye\u00a0<strong data-start=\"804\" data-end=\"848\">una taza \u00c1GORA tama\u00f1o caf\u00e9 con leche de regalo<\/strong>, ideal para disfrutar de tu caf\u00e9 preferido esta Navidad, y un\u00a0<strong data-start=\"911\" data-end=\"937\">cascanueces decorativo<\/strong>.<\/p>\n<p data-start=\"991\" data-end=\"1095\">Un detalle elegante, completo y lleno de sabor para compartir la esencia de Caf\u00e9s Or\u00fas en estas fiestas.<\/p>\n","protected":false},"featured_media":20461,"comment_status":"open","ping_status":"closed","template":"","meta":[],"product_brand":[],"product_cat":[85,102],"product_tag":[105,195],"class_list":{"0":"post-20459","1":"product","2":"type-product","3":"status-publish","4":"has-post-thumbnail","6":"product_cat-packs","7":"product_cat-packs-para-regalo-y-degustacion","8":"product_tag-cafe-molido","9":"product_tag-pack-cafe-navidad","11":"first","12":"instock","13":"taxable","14":"shipping-taxable","15":"purchasable","16":"product-type-simple"},"yoast_head":"<!-- This site is optimized with the Yoast SEO plugin v26.0 - https:\/\/yoast.com\/wordpress\/plugins\/seo\/ -->\n<title>Pack Navidad (Molido) \u2013 Taza de regalo<\/title>\n<meta name=\"description\" content=\"Disfruta de la Navidad con este exclusivo pack pensado para los verdaderos amantes del caf\u00e9.\" \/>\n<meta name=\"robots\" content=\"index, follow, max-snippet:-1, max-image-preview:large, max-video-preview:-1\" \/>\n<link rel=\"canonical\" href=\"https:\/\/cafesorus.es\/tienda\/producto\/pack-navidad-molido\/\" \/>\n<meta property=\"og:locale\" content=\"es_ES\" \/>\n<meta property=\"og:type\" content=\"article\" \/>\n<meta property=\"og:title\" content=\"Pack Navidad (Molido) \u2013 Taza de regalo\" \/>\n<meta property=\"og:description\" content=\"Disfruta de la Navidad con este exclusivo pack pensado para los verdaderos amantes del caf\u00e9.\" \/>\n<meta property=\"og:url\" content=\"https:\/\/cafesorus.es\/tienda\/producto\/pack-navidad-molido\/\" \/>\n<meta property=\"og:site_name\" content=\"Comprar caf\u00e9 online - Tienda online de Caf\u00e9s Or\u00fas -\" \/>\n<meta property=\"article:publisher\" content=\"https:\/\/www.facebook.com\/cafesorusaragon\" \/>\n<meta property=\"article:modified_time\" content=\"2025-12-15T11:47:17+00:00\" \/>\n<meta property=\"og:image\" content=\"https:\/\/cafesorus.es\/tienda\/wp-content\/uploads\/2025\/12\/Navidad-Cafe-molido.jpg\" \/>\n\t<meta property=\"og:image:width\" content=\"1000\" \/>\n\t<meta property=\"og:image:height\" content=\"1333\" \/>\n\t<meta property=\"og:image:type\" content=\"image\/jpeg\" \/>\n<meta name=\"twitter:card\" content=\"summary_large_image\" \/>\n<meta name=\"twitter:site\" content=\"@CafesOrus\" \/>\n<meta name=\"twitter:label1\" content=\"Tiempo de lectura\" \/>\n\t<meta name=\"twitter:data1\" content=\"1 minuto\" \/>\n<script type=\"application\/ld+json\" class=\"yoast-schema-graph\">{\"@context\":\"https:\/\/schema.org\",\"@graph\":[{\"@type\":\"WebPage\",\"@id\":\"https:\/\/cafesorus.es\/tienda\/producto\/pack-navidad-molido\/\",\"url\":\"https:\/\/cafesorus.es\/tienda\/producto\/pack-navidad-molido\/\",\"name\":\"Pack Navidad (Molido) \u2013 Taza de regalo\",\"isPartOf\":{\"@id\":\"https:\/\/cafesorus.es\/tienda\/#website\"},\"primaryImageOfPage\":{\"@id\":\"https:\/\/cafesorus.es\/tienda\/producto\/pack-navidad-molido\/#primaryimage\"},\"image\":{\"@id\":\"https:\/\/cafesorus.es\/tienda\/producto\/pack-navidad-molido\/#primaryimage\"},\"thumbnailUrl\":\"https:\/\/cafesorus.es\/tienda\/wp-content\/uploads\/2025\/12\/Navidad-Cafe-molido.jpg\",\"datePublished\":\"2025-12-15T11:46:48+00:00\",\"dateModified\":\"2025-12-15T11:47:17+00:00\",\"description\":\"Disfruta de la Navidad con este exclusivo pack pensado para los verdaderos amantes del caf\u00e9.\",\"breadcrumb\":{\"@id\":\"https:\/\/cafesorus.es\/tienda\/producto\/pack-navidad-molido\/#breadcrumb\"},\"inLanguage\":\"es\",\"potentialAction\":[{\"@type\":\"ReadAction\",\"target\":[\"https:\/\/cafesorus.es\/tienda\/producto\/pack-navidad-molido\/\"]}]},{\"@type\":\"ImageObject\",\"inLanguage\":\"es\",\"@id\":\"https:\/\/cafesorus.es\/tienda\/producto\/pack-navidad-molido\/#primaryimage\",\"url\":\"https:\/\/cafesorus.es\/tienda\/wp-content\/uploads\/2025\/12\/Navidad-Cafe-molido.jpg\",\"contentUrl\":\"https:\/\/cafesorus.es\/tienda\/wp-content\/uploads\/2025\/12\/Navidad-Cafe-molido.jpg\",\"width\":1000,\"height\":1333},{\"@type\":\"BreadcrumbList\",\"@id\":\"https:\/\/cafesorus.es\/tienda\/producto\/pack-navidad-molido\/#breadcrumb\",\"itemListElement\":[{\"@type\":\"ListItem\",\"position\":1,\"name\":\"Portada\",\"item\":\"https:\/\/cafesorus.es\/tienda\/\"},{\"@type\":\"ListItem\",\"position\":2,\"name\":\"Comprar Caf\u00e9 Online &#8211; Caf\u00e9s Or\u00fas\",\"item\":\"https:\/\/cafesorus.es\/tienda\/\"},{\"@type\":\"ListItem\",\"position\":3,\"name\":\"Pack Navidad (Molido) \u2013 Taza de regalo\"}]},{\"@type\":\"WebSite\",\"@id\":\"https:\/\/cafesorus.es\/tienda\/#website\",\"url\":\"https:\/\/cafesorus.es\/tienda\/\",\"name\":\"Comprar caf\u00e9 online - Tienda online de Caf\u00e9s Or\u00fas\",\"description\":\"El sabor de tu vida\",\"publisher\":{\"@id\":\"https:\/\/cafesorus.es\/tienda\/#organization\"},\"potentialAction\":[{\"@type\":\"SearchAction\",\"target\":{\"@type\":\"EntryPoint\",\"urlTemplate\":\"https:\/\/cafesorus.es\/tienda\/?s={search_term_string}\"},\"query-input\":{\"@type\":\"PropertyValueSpecification\",\"valueRequired\":true,\"valueName\":\"search_term_string\"}}],\"inLanguage\":\"es\"},{\"@type\":\"Organization\",\"@id\":\"https:\/\/cafesorus.es\/tienda\/#organization\",\"name\":\"Caf\u00e9s Or\u00fas\",\"url\":\"https:\/\/cafesorus.es\/tienda\/\",\"logo\":{\"@type\":\"ImageObject\",\"inLanguage\":\"es\",\"@id\":\"https:\/\/cafesorus.es\/tienda\/#\/schema\/logo\/image\/\",\"url\":\"https:\/\/cafesorus.es\/tienda\/wp-content\/uploads\/2023\/01\/Branding_1_HD-e1672845351612.png\",\"contentUrl\":\"https:\/\/cafesorus.es\/tienda\/wp-content\/uploads\/2023\/01\/Branding_1_HD-e1672845351612.png\",\"width\":150,\"height\":96,\"caption\":\"Caf\u00e9s Or\u00fas\"},\"image\":{\"@id\":\"https:\/\/cafesorus.es\/tienda\/#\/schema\/logo\/image\/\"},\"sameAs\":[\"https:\/\/www.facebook.com\/cafesorusaragon\",\"https:\/\/x.com\/CafesOrus\",\"https:\/\/www.instagram.com\/cafesorus\/\",\"https:\/\/www.youtube.com\/user\/cafesorus\",\"https:\/\/www.flickr.com\/photos\/cafesorus\/\"]}]}<\/script>\n<!-- \/ Yoast SEO plugin. -->","yoast_head_json":{"title":"Pack Navidad (Molido) \u2013 Taza de regalo","description":"Disfruta de la Navidad con este exclusivo pack pensado para los verdaderos amantes del caf\u00e9.","robots":{"index":"index","follow":"follow","max-snippet":"max-snippet:-1","max-image-preview":"max-image-preview:large","max-video-preview":"max-video-preview:-1"},"canonical":"https:\/\/cafesorus.es\/tienda\/producto\/pack-navidad-molido\/","og_locale":"es_ES","og_type":"article","og_title":"Pack Navidad (Molido) \u2013 Taza de regalo","og_description":"Disfruta de la Navidad con este exclusivo pack pensado para los verdaderos amantes del caf\u00e9.","og_url":"https:\/\/cafesorus.es\/tienda\/producto\/pack-navidad-molido\/","og_site_name":"Comprar caf\u00e9 online - Tienda online de Caf\u00e9s Or\u00fas -","article_publisher":"https:\/\/www.facebook.com\/cafesorusaragon","article_modified_time":"2025-12-15T11:47:17+00:00","og_image":[{"width":1000,"height":1333,"url":"https:\/\/cafesorus.es\/tienda\/wp-content\/uploads\/2025\/12\/Navidad-Cafe-molido.jpg","type":"image\/jpeg"}],"twitter_card":"summary_large_image","twitter_site":"@CafesOrus","twitter_misc":{"Tiempo de lectura":"1 minuto"},"schema":{"@context":"https:\/\/schema.org","@graph":[{"@type":"WebPage","@id":"https:\/\/cafesorus.es\/tienda\/producto\/pack-navidad-molido\/","url":"https:\/\/cafesorus.es\/tienda\/producto\/pack-navidad-molido\/","name":"Pack Navidad (Molido) \u2013 Taza de regalo","isPartOf":{"@id":"https:\/\/cafesorus.es\/tienda\/#website"},"primaryImageOfPage":{"@id":"https:\/\/cafesorus.es\/tienda\/producto\/pack-navidad-molido\/#primaryimage"},"image":{"@id":"https:\/\/cafesorus.es\/tienda\/producto\/pack-navidad-molido\/#primaryimage"},"thumbnailUrl":"https:\/\/cafesorus.es\/tienda\/wp-content\/uploads\/2025\/12\/Navidad-Cafe-molido.jpg","datePublished":"2025-12-15T11:46:48+00:00","dateModified":"2025-12-15T11:47:17+00:00","description":"Disfruta de la Navidad con este exclusivo pack pensado para los verdaderos amantes del caf\u00e9.","breadcrumb":{"@id":"https:\/\/cafesorus.es\/tienda\/producto\/pack-navidad-molido\/#breadcrumb"},"inLanguage":"es","potentialAction":[{"@type":"ReadAction","target":["https:\/\/cafesorus.es\/tienda\/producto\/pack-navidad-molido\/"]}]},{"@type":"ImageObject","inLanguage":"es","@id":"https:\/\/cafesorus.es\/tienda\/producto\/pack-navidad-molido\/#primaryimage","url":"https:\/\/cafesorus.es\/tienda\/wp-content\/uploads\/2025\/12\/Navidad-Cafe-molido.jpg","contentUrl":"https:\/\/cafesorus.es\/tienda\/wp-content\/uploads\/2025\/12\/Navidad-Cafe-molido.jpg","width":1000,"height":1333},{"@type":"BreadcrumbList","@id":"https:\/\/cafesorus.es\/tienda\/producto\/pack-navidad-molido\/#breadcrumb","itemListElement":[{"@type":"ListItem","position":1,"name":"Portada","item":"https:\/\/cafesorus.es\/tienda\/"},{"@type":"ListItem","position":2,"name":"Comprar Caf\u00e9 Online &#8211; Caf\u00e9s Or\u00fas","item":"https:\/\/cafesorus.es\/tienda\/"},{"@type":"ListItem","position":3,"name":"Pack Navidad (Molido) \u2013 Taza de regalo"}]},{"@type":"WebSite","@id":"https:\/\/cafesorus.es\/tienda\/#website","url":"https:\/\/cafesorus.es\/tienda\/","name":"Comprar caf\u00e9 online - Tienda online de Caf\u00e9s Or\u00fas","description":"El sabor de tu vida","publisher":{"@id":"https:\/\/cafesorus.es\/tienda\/#organization"},"potentialAction":[{"@type":"SearchAction","target":{"@type":"EntryPoint","urlTemplate":"https:\/\/cafesorus.es\/tienda\/?s={search_term_string}"},"query-input":{"@type":"PropertyValueSpecification","valueRequired":true,"valueName":"search_term_string"}}],"inLanguage":"es"},{"@type":"Organization","@id":"https:\/\/cafesorus.es\/tienda\/#organization","name":"Caf\u00e9s Or\u00fas","url":"https:\/\/cafesorus.es\/tienda\/","logo":{"@type":"ImageObject","inLanguage":"es","@id":"https:\/\/cafesorus.es\/tienda\/#\/schema\/logo\/image\/","url":"https:\/\/cafesorus.es\/tienda\/wp-content\/uploads\/2023\/01\/Branding_1_HD-e1672845351612.png","contentUrl":"https:\/\/cafesorus.es\/tienda\/wp-content\/uploads\/2023\/01\/Branding_1_HD-e1672845351612.png","width":150,"height":96,"caption":"Caf\u00e9s Or\u00fas"},"image":{"@id":"https:\/\/cafesorus.es\/tienda\/#\/schema\/logo\/image\/"},"sameAs":["https:\/\/www.facebook.com\/cafesorusaragon","https:\/\/x.com\/CafesOrus","https:\/\/www.instagram.com\/cafesorus\/","https:\/\/www.youtube.com\/user\/cafesorus","https:\/\/www.flickr.com\/photos\/cafesorus\/"]}]}},"_links":{"self":[{"href":"https:\/\/cafesorus.es\/tienda\/wp-json\/wp\/v2\/product\/20459","targetHints":{"allow":["GET"]}}],"collection":[{"href":"https:\/\/cafesorus.es\/tienda\/wp-json\/wp\/v2\/product"}],"about":[{"href":"https:\/\/cafesorus.es\/tienda\/wp-json\/wp\/v2\/types\/product"}],"replies":[{"embeddable":true,"href":"https:\/\/cafesorus.es\/tienda\/wp-json\/wp\/v2\/comments?post=20459"}],"wp:featuredmedia":[{"embeddable":true,"href":"https:\/\/cafesorus.es\/tienda\/wp-json\/wp\/v2\/media\/20461"}],"wp:attachment":[{"href":"https:\/\/cafesorus.es\/tienda\/wp-json\/wp\/v2\/media?parent=20459"}],"wp:term":[{"taxonomy":"product_brand","embeddable":true,"href":"https:\/\/cafesorus.es\/tienda\/wp-json\/wp\/v2\/product_brand?post=20459"},{"taxonomy":"product_cat","embeddable":true,"href":"https:\/\/cafesorus.es\/tienda\/wp-json\/wp\/v2\/product_cat?post=20459"},{"taxonomy":"product_tag","embeddable":true,"href":"https:\/\/cafesorus.es\/tienda\/wp-json\/wp\/v2\/product_tag?post=20459"}],"curies":[{"name":"wp","href":"https:\/\/api.w.org\/{rel}","templated":true}]}}